{"id":1589,"date":"2021-04-11T16:13:51","date_gmt":"2021-04-11T16:13:51","guid":{"rendered":"https:\/\/germanlingua.wpengine.com\/?page_id=1589"},"modified":"2025-04-22T10:06:26","modified_gmt":"2025-04-22T10:06:26","slug":"agb","status":"publish","type":"page","link":"https:\/\/www.bws-germanlingua.de\/de\/agb\/","title":{"rendered":"AGB"},"content":{"rendered":"<p>[et_pb_section fb_built=&#8221;1&#8243; admin_label=&#8221;imprint&#8221; module_id=&#8221;wrapper_01_imprint&#8221; module_class=&#8221;wrapper_01_imprint&#8221; _builder_version=&#8221;4.16&#8243; _module_preset=&#8221;default&#8221; global_colors_info=&#8221;{}&#8221;][et_pb_row admin_label=&#8221;imprint&#8221; module_id=&#8221;wrapper_02_imprint&#8221; module_class=&#8221;wrapper_02_imprint&#8221; _builder_version=&#8221;4.16&#8243; _module_preset=&#8221;default&#8221; global_colors_info=&#8221;{}&#8221;][et_pb_column type=&#8221;4_4&#8243; _builder_version=&#8221;4.16&#8243; _module_preset=&#8221;default&#8221; global_colors_info=&#8221;{}&#8221;][et_pb_text admin_label=&#8221;imprint&#8221; module_id=&#8221;wrapper_01_imprint&#8221; module_class=&#8221;wrapper_01_imprint&#8221; _builder_version=&#8221;4.27.4&#8243; _module_preset=&#8221;default&#8221; hover_enabled=&#8221;0&#8243; global_colors_info=&#8221;{}&#8221; sticky_enabled=&#8221;0&#8243;]<\/p>\n<h1>Allgemeine Gesch\u00e4ftsbedingungen von BWS Germanlingua<\/h1>\n<h5>Registrierung und Bezahlung der Schulgeb\u00fchren<\/h5>\n<p>Die Kurseinschreibung erfolgt in der Reihenfolge der Eing\u00e4nge. Die Kursgeb\u00fchren sind in der jeweils zum Zeitpunkt der Registrierung g\u00fcltigen Preisliste zu entnehmen.<\/p>\n<p>Die gesamte Kursgeb\u00fchr muss vor Kursbeginn bezahlt sein. Im Falle, dass die Kursgeb\u00fchr nicht bis zum Kursbeginn bezahlt ist oder dass die Zahlung nicht durch einen Bankauszug best\u00e4tigt werden kann, ist es uns gestattet, den Vertrag sofort zu stornieren. Der Kursteilnehmer muss selbst die Kosten f\u00fcr Bankgeb\u00fchren tragen. F\u00fcr den Fall, dass wir einen Kurs stornieren m\u00fcssen, werden wir die geleistete Kursgeb\u00fchr in vollem Umfang zur\u00fcckerstatten. Der Kursteilnehmer hat jedoch kein Recht auf jeglichen weiteren Schadenersatz.<\/p>\n<h5>Kaution<\/h5>\n<p>BWS Germanlingua wird f\u00fcr den Aufenthalt in den Wohnungen und Apartments eine Kaution in H\u00f6he von Euro 300, &#8211; erheben.<\/p>\n<p>Die Kaution kann im Voraus hinterlegt werden, unter Angabe der Kreditkartendetails \/ Autorisierung oder in bar am ersten Schultag.<\/p>\n<p>Dies dient dazu, die Bezahlung oder den Ersatz besch\u00e4digter R\u00e4umlichkeiten oder Ger\u00e4te und \/ oder verlorener Schl\u00fcssel und \/ oder anderer Probleme zu gew\u00e4hrleisten, die bei Missachtung unserer Wohnvorschriften entstehen sollten.<\/p>\n<p>Die Kaution wird am letzten Schultag zur\u00fcckerstattet.<\/p>\n<h5>Stornierung und \u00c4nderung der Buchung<\/h5>\n<p>Schriftliche Anfragen nach \u00c4nderungen in der Anmeldung werden ber\u00fccksichtigt, sofern dies m\u00f6glich ist. \u00c4nderungen werden mit \u20ac 50,- berechnet. Falls eine \u00c4nderung in der Anmeldung nicht m\u00f6glich ist, bleibt die urspr\u00fcngliche Anmeldung g\u00fcltig, au\u00dfer sie wird storniert.<\/p>\n<p>Die Stornierung einer Anmeldung muss schriftlich erfolgen. Die Stornogeb\u00fchr bis zu 14 Tagen vor der Ankunft ist \u20ac 200,- und bis zur Ankunft \u20ac 500,-.<\/p>\n<p>Die volle Zahlung ist jedoch f\u00e4llig, sollte ein Kursteilnehmer sich anmelden und nicht ankommen, zu sp\u00e4t ankommen (nach Kursbeginn), nur sporadisch teilnehmen oder nicht in schriftlicher Form k\u00fcndigen.<\/p>\n<h5>Versicherung<\/h5>\n<p>Die Kursgeb\u00fchren beinhalten keinerlei Versicherung. Wir empfehlen, vor der Abreise eine eigene Kranken-, Unfall- und Haftpflichtversicherung abzuschlie\u00dfen. Bei Ankunft k\u00f6nnen wir gerne beim Abschluss einer Versicherung helfen.<\/p>\n<h5>Abwesenheit<\/h5>\n<p>Bei Verhinderung zur Unterrichtsteilnahme, bitten wir um entsprechende Mitteilung, insbesondere im Fall von Einzelunterricht oder Online-Unterricht. F\u00fcr Einzelunterricht und Online-Unterricht gibt es eine Stornierungsfrist von 24 Stunden. Wenn die Mitteilung 24 Stunden vorab erfolgt, wird Einzelunterricht oder Online-Unterricht von BWS Germanlingua nochmals neu terminiert. Falls die Frist nicht eingehalten wird, besteht kein Anspruch mehr auf diese Unterrichtsstunden. Gruppenunterricht (Standard, Intensiv, Minigruppe, Abendkurse oder Zusatzbuchungen), die auf einen Feiertag fallen oder die durch Krankheit oder andere Gr\u00fcnde vers\u00e4umt worden sind, k\u00f6nnen nicht nachgeholt werden.<\/p>\n<h5>Haftung<\/h5>\n<p>BWS Germanlingua ist nicht verantwortlich f\u00fcr jeglichen Schaden oder Verlust, der aufgrund leichter Fahrl\u00e4ssigkeit nicht unserer Kontrolle obliegt, noch daf\u00fcr, dass Leistungen auf Grund von h\u00f6herer Gewalt nicht erbracht werden k\u00f6nnen. Die Kursteilnehmer sind direkt verantwortlich f\u00fcr jede Art von Schaden, den sie verursachen. BWS Germanlingua ist nicht verantwortlich f\u00fcr jeglichen Schaden oder Verlust, der nicht unserer Kontrolle obliegt. In den Klassenr\u00e4umen und in der Unterkunft sind die Kursteilnehmer verpflichtet, die Schul- und Hausordnung zu befolgen, die jedem Studenten ausgeh\u00e4ndigt werden bzw. in unseren R\u00e4umlichkeiten sichtbar aush\u00e4ngen. BWS Germanlingua beh\u00e4lt sich das Recht vor, jeden Studenten, der gegen die Schul- und Hausordnung verst\u00f6\u00dft, von der Schule zu verweisen. In diesem Falle hat der Kunde kein Recht auf R\u00fcckerstattung der Kosten. Die Unterkunft wird sorgf\u00e4ltig an Hand der verf\u00fcgbaren M\u00f6glichkeiten ausgew\u00e4hlt. Spezielle W\u00fcnsche f\u00fcr einen spezielle Lage der Unterkunft oder \u00e4hnliches werden, so weit wie m\u00f6glich, ber\u00fccksichtigt.<\/p>\n<h5>Kursteilnehmer und Unterrichtseinheiten<\/h5>\n<p>Wenn ein Standard- oder Intensivkurs aus weniger als 3 Teilnehmern besteht, behalten wir uns das Recht vor, die Anzahl der Unterrichtsstunden bei dem Standardkurs von 20 auf 15 Unterrichtseinheiten und bei dem Intensivkurs von 25 auf 18 Unterrichtseinheiten zu k\u00fcrzen.<\/p>\n<h5>Unterrichtszeiten und schulfreie Tage<\/h5>\n<p>Wir behalten uns das Recht vor, in der Hochsaison Unterricht am Vormittag und am Nachmittag anzubieten, je nach Kursniveau und Verf\u00fcgbarkeit.<\/p>\n<p>An \u00f6ffentlichen Feiertagen ist die Schule geschlossen. Unterrichtsstunden, die wegen eines Feiertages entfallen, werden nicht nachgeholt, ersetzt oder zur\u00fcckerstattet.<\/p>\n<p>[\/et_pb_text][\/et_pb_column][\/et_pb_row][\/et_pb_section]<\/p>\n","protected":false},"excerpt":{"rendered":"<p>Allgemeine Gesch\u00e4ftsbedingungen von BWS Germanlingua Registrierung und Bezahlung der Schulgeb\u00fchren Die Kurseinschreibung erfolgt in der Reihenfolge der Eing\u00e4nge. Die Kursgeb\u00fchren sind in der jeweils zum Zeitpunkt der Registrierung g\u00fcltigen Preisliste zu entnehmen. Die gesamte Kursgeb\u00fchr muss vor Kursbeginn bezahlt sein. Im Falle, dass die Kursgeb\u00fchr nicht bis zum Kursbeginn bezahlt ist oder dass die Zahlung [&hellip;]<\/p>\n","protected":false},"author":3,"featured_media":0,"parent":0,"menu_order":0,"comment_status":"closed","ping_status":"closed","template":"","meta":{"_et_pb_use_builder":"on","_et_pb_old_content":"","_et_gb_content_width":"","footnotes":""},"class_list":["post-1589","page","type-page","status-publish","hentry"],"yoast_head":"<!-- This site is optimized with the Yoast SEO plugin v27.5 - https:\/\/yoast.com\/product\/yoast-seo-wordpress\/ -->\n<title>AGB - BWS Germanlingua DE<\/title>\n<meta name=\"description\" content=\"BWS Germanlingua - Allgemeine Gesch\u00e4ftsbedingungen: Anmeldung und Zahlung des Schulgeldes, Kaution, Stornierung und \u00c4nderungen etc.\" \/>\n<meta name=\"robots\" content=\"index, follow, max-snippet:-1, max-image-preview:large, max-video-preview:-1\" \/>\n<link rel=\"canonical\" href=\"https:\/\/www.bws-germanlingua.de\/de\/agb\/\" \/>\n<meta property=\"og:locale\" content=\"de_DE\" \/>\n<meta property=\"og:type\" content=\"article\" \/>\n<meta property=\"og:title\" content=\"AGB - BWS Germanlingua DE\" \/>\n<meta property=\"og:description\" content=\"BWS Germanlingua - Allgemeine Gesch\u00e4ftsbedingungen: Anmeldung und Zahlung des Schulgeldes, Kaution, Stornierung und \u00c4nderungen etc.\" \/>\n<meta property=\"og:url\" content=\"https:\/\/www.bws-germanlingua.de\/de\/agb\/\" \/>\n<meta property=\"og:site_name\" content=\"BWS Germanlingua DE\" \/>\n<meta property=\"article:modified_time\" content=\"2025-04-22T10:06:26+00:00\" \/>\n<meta name=\"twitter:card\" content=\"summary_large_image\" \/>\n<meta name=\"twitter:label1\" content=\"Gesch\u00e4tzte Lesezeit\" \/>\n\t<meta name=\"twitter:data1\" content=\"4 Minuten\" \/>\n<script type=\"application\/ld+json\" class=\"yoast-schema-graph\">{\"@context\":\"https:\\\/\\\/schema.org\",\"@graph\":[{\"@type\":\"WebPage\",\"@id\":\"https:\\\/\\\/www.bws-germanlingua.de\\\/de\\\/agb\\\/\",\"url\":\"https:\\\/\\\/www.bws-germanlingua.de\\\/de\\\/agb\\\/\",\"name\":\"AGB - BWS Germanlingua DE\",\"isPartOf\":{\"@id\":\"https:\\\/\\\/www.bws-germanlingua.de\\\/de\\\/#website\"},\"datePublished\":\"2021-04-11T16:13:51+00:00\",\"dateModified\":\"2025-04-22T10:06:26+00:00\",\"description\":\"BWS Germanlingua - Allgemeine Gesch\u00e4ftsbedingungen: Anmeldung und Zahlung des Schulgeldes, Kaution, Stornierung und \u00c4nderungen etc.\",\"breadcrumb\":{\"@id\":\"https:\\\/\\\/www.bws-germanlingua.de\\\/de\\\/agb\\\/#breadcrumb\"},\"inLanguage\":\"de-DE\",\"potentialAction\":[{\"@type\":\"ReadAction\",\"target\":[\"https:\\\/\\\/www.bws-germanlingua.de\\\/de\\\/agb\\\/\"]}]},{\"@type\":\"BreadcrumbList\",\"@id\":\"https:\\\/\\\/www.bws-germanlingua.de\\\/de\\\/agb\\\/#breadcrumb\",\"itemListElement\":[{\"@type\":\"ListItem\",\"position\":1,\"name\":\"Startseite\",\"item\":\"https:\\\/\\\/www.bws-germanlingua.de\\\/de\\\/\"},{\"@type\":\"ListItem\",\"position\":2,\"name\":\"AGB\"}]},{\"@type\":\"WebSite\",\"@id\":\"https:\\\/\\\/www.bws-germanlingua.de\\\/de\\\/#website\",\"url\":\"https:\\\/\\\/www.bws-germanlingua.de\\\/de\\\/\",\"name\":\"BWS Germanlingua DE\",\"description\":\"German courses in Germany\",\"potentialAction\":[{\"@type\":\"SearchAction\",\"target\":{\"@type\":\"EntryPoint\",\"urlTemplate\":\"https:\\\/\\\/www.bws-germanlingua.de\\\/de\\\/?s={search_term_string}\"},\"query-input\":{\"@type\":\"PropertyValueSpecification\",\"valueRequired\":true,\"valueName\":\"search_term_string\"}}],\"inLanguage\":\"de-DE\"}]}<\/script>\n<!-- \/ Yoast SEO plugin. -->","yoast_head_json":{"title":"AGB - BWS Germanlingua DE","description":"BWS Germanlingua - Allgemeine Gesch\u00e4ftsbedingungen: Anmeldung und Zahlung des Schulgeldes, Kaution, Stornierung und \u00c4nderungen etc.","robots":{"index":"index","follow":"follow","max-snippet":"max-snippet:-1","max-image-preview":"max-image-preview:large","max-video-preview":"max-video-preview:-1"},"canonical":"https:\/\/www.bws-germanlingua.de\/de\/agb\/","og_locale":"de_DE","og_type":"article","og_title":"AGB - BWS Germanlingua DE","og_description":"BWS Germanlingua - Allgemeine Gesch\u00e4ftsbedingungen: Anmeldung und Zahlung des Schulgeldes, Kaution, Stornierung und \u00c4nderungen etc.","og_url":"https:\/\/www.bws-germanlingua.de\/de\/agb\/","og_site_name":"BWS Germanlingua DE","article_modified_time":"2025-04-22T10:06:26+00:00","twitter_card":"summary_large_image","twitter_misc":{"Gesch\u00e4tzte Lesezeit":"4 Minuten"},"schema":{"@context":"https:\/\/schema.org","@graph":[{"@type":"WebPage","@id":"https:\/\/www.bws-germanlingua.de\/de\/agb\/","url":"https:\/\/www.bws-germanlingua.de\/de\/agb\/","name":"AGB - BWS Germanlingua DE","isPartOf":{"@id":"https:\/\/www.bws-germanlingua.de\/de\/#website"},"datePublished":"2021-04-11T16:13:51+00:00","dateModified":"2025-04-22T10:06:26+00:00","description":"BWS Germanlingua - Allgemeine Gesch\u00e4ftsbedingungen: Anmeldung und Zahlung des Schulgeldes, Kaution, Stornierung und \u00c4nderungen etc.","breadcrumb":{"@id":"https:\/\/www.bws-germanlingua.de\/de\/agb\/#breadcrumb"},"inLanguage":"de-DE","potentialAction":[{"@type":"ReadAction","target":["https:\/\/www.bws-germanlingua.de\/de\/agb\/"]}]},{"@type":"BreadcrumbList","@id":"https:\/\/www.bws-germanlingua.de\/de\/agb\/#breadcrumb","itemListElement":[{"@type":"ListItem","position":1,"name":"Startseite","item":"https:\/\/www.bws-germanlingua.de\/de\/"},{"@type":"ListItem","position":2,"name":"AGB"}]},{"@type":"WebSite","@id":"https:\/\/www.bws-germanlingua.de\/de\/#website","url":"https:\/\/www.bws-germanlingua.de\/de\/","name":"BWS Germanlingua DE","description":"German courses in Germany","potentialAction":[{"@type":"SearchAction","target":{"@type":"EntryPoint","urlTemplate":"https:\/\/www.bws-germanlingua.de\/de\/?s={search_term_string}"},"query-input":{"@type":"PropertyValueSpecification","valueRequired":true,"valueName":"search_term_string"}}],"inLanguage":"de-DE"}]}},"_links":{"self":[{"href":"https:\/\/www.bws-germanlingua.de\/de\/wp-json\/wp\/v2\/pages\/1589","targetHints":{"allow":["GET"]}}],"collection":[{"href":"https:\/\/www.bws-germanlingua.de\/de\/wp-json\/wp\/v2\/pages"}],"about":[{"href":"https:\/\/www.bws-germanlingua.de\/de\/wp-json\/wp\/v2\/types\/page"}],"author":[{"embeddable":true,"href":"https:\/\/www.bws-germanlingua.de\/de\/wp-json\/wp\/v2\/users\/3"}],"replies":[{"embeddable":true,"href":"https:\/\/www.bws-germanlingua.de\/de\/wp-json\/wp\/v2\/comments?post=1589"}],"version-history":[{"count":0,"href":"https:\/\/www.bws-germanlingua.de\/de\/wp-json\/wp\/v2\/pages\/1589\/revisions"}],"wp:attachment":[{"href":"https:\/\/www.bws-germanlingua.de\/de\/wp-json\/wp\/v2\/media?parent=1589"}],"curies":[{"name":"wp","href":"https:\/\/api.w.org\/{rel}","templated":true}]}}