{"id":33,"date":"2020-11-10T09:13:18","date_gmt":"2020-11-10T09:13:18","guid":{"rendered":"http:\/\/germanlingua.wpengine.com\/?page_id=33"},"modified":"2023-11-20T22:02:30","modified_gmt":"2023-11-20T22:02:30","slug":"blog","status":"publish","type":"page","link":"https:\/\/www.bws-germanlingua.de\/de\/blog\/","title":{"rendered":"Blog"},"content":{"rendered":"<p>[et_pb_section fb_built=&#8221;1&#8243; admin_label=&#8221;keyvisual_header&#8221; module_id=&#8221;wrapper_03_keyvisual_header&#8221; module_class=&#8221;wrapper_03_keyvisual_header&#8221; _builder_version=&#8221;4.9.7&#8243; _module_preset=&#8221;default&#8221; background_image=&#8221;https:\/\/www.bws-germanlingua.de\/de\/wp-content\/uploads\/sites\/3\/2021\/04\/keyvisual_blog_color.jpg&#8221; parallax=&#8221;on&#8221; parallax_method=&#8221;off&#8221; hover_enabled=&#8221;0&#8243; locked=&#8221;off&#8221; title_text=&#8221;keyvisual_blog_color&#8221; sticky_enabled=&#8221;0&#8243;][et_pb_row column_structure=&#8221;1_4,3_4&#8243; admin_label=&#8221;keyvisual_header&#8221; module_id=&#8221;wrapper_02_keyvisual_header&#8221; module_class=&#8221;wrapper_02_keyvisual_header&#8221; _builder_version=&#8221;4.6.6&#8243; _module_preset=&#8221;default&#8221; hover_enabled=&#8221;0&#8243; sticky_enabled=&#8221;0&#8243;][et_pb_column type=&#8221;1_4&#8243; _builder_version=&#8221;4.6.6&#8243; _module_preset=&#8221;default&#8221;][et_pb_image src=&#8221;https:\/\/www.bws-germanlingua.de\/de\/wp-content\/uploads\/sites\/3\/2021\/03\/bws_logo_negativ.png&#8221; title_text=&#8221;bws_logo_negativ&#8221; align=&#8221;right&#8221; admin_label=&#8221;logo&#8221; module_id=&#8221;wrapper_01_keyvisual_logo&#8221; module_class=&#8221;wrapper_01_keyvisual_logo&#8221; _builder_version=&#8221;4.9.2&#8243; _module_preset=&#8221;default&#8221;][\/et_pb_image][\/et_pb_column][et_pb_column type=&#8221;3_4&#8243; _builder_version=&#8221;4.6.6&#8243; _module_preset=&#8221;default&#8221;][et_pb_text admin_label=&#8221;keyvisual_overheadline&#8221; module_id=&#8221;wrapper_01_keyvisual_overheadline&#8221; module_class=&#8221;wrapper_01_keyvisual_overheadline&#8221; _builder_version=&#8221;4.9.2&#8243; _module_preset=&#8221;default&#8221;]BWS Germanlingua | Blog[\/et_pb_text][et_pb_text admin_label=&#8221;keyvisual_willkommen_headline&#8221; module_id=&#8221;wrapper_01_keyvisual_willkommen_headline&#8221; module_class=&#8221;wrapper_01_keyvisual_willkommen_headline&#8221; _builder_version=&#8221;4.9.2&#8243; _module_preset=&#8221;default&#8221;]<\/p>\n<h1>Hilfreiche Artikel, Tipps, Veranstaltungshinweise und mehr<\/h1>\n<p>[\/et_pb_text][\/et_pb_column][\/et_pb_row][et_pb_row admin_label=&#8221;keyvisual_stadtmenu&#8221; module_id=&#8221;wrapper_02_keyvisual_stadtmenu&#8221; module_class=&#8221;wrapper_02_keyvisual_stadtmenu&#8221; _builder_version=&#8221;4.7.6&#8243; _module_preset=&#8221;default&#8221; module_alignment=&#8221;center&#8221;][et_pb_column type=&#8221;4_4&#8243; _builder_version=&#8221;4.7.6&#8243; _module_preset=&#8221;default&#8221;][et_pb_text admin_label=&#8221;keyvisual_stadtmenu_headline&#8221; module_id=&#8221;wrapper_01_keyvisual_stadtmenu_headline&#8221; module_class=&#8221;wrapper_01_keyvisual_stadtmenu_headline&#8221; _builder_version=&#8221;4.9.4&#8243; _module_preset=&#8221;default&#8221; background_color=&#8221;#FFFFFF&#8221; locked=&#8221;off&#8221;]<\/p>\n<p>Kurse, Preise und Unterk\u00fcnfte in<\/p>\n<p>[\/et_pb_text][et_pb_menu menu_id=&#8221;6&#8243; menu_style=&#8221;centered&#8221; admin_label=&#8221;keyvisual_stadtmenu&#8221; module_id=&#8221;wrapper_01_keyvisual_stadtmenu&#8221; module_class=&#8221;wrapper_01_keyvisual_stadtmenu&#8221; _builder_version=&#8221;4.7.6&#8243; _module_preset=&#8221;default&#8221; background_color=&#8221;#FFFFFF&#8221;][\/et_pb_menu][\/et_pb_column][\/et_pb_row][\/et_pb_section][et_pb_section fb_built=&#8221;1&#8243; admin_label=&#8221;blog&#8221; module_id=&#8221;wrapper_03_blog_overview&#8221; module_class=&#8221;wrapper_03_blog_overview&#8221; _builder_version=&#8221;4.8.1&#8243; _module_preset=&#8221;default&#8221;][et_pb_row admin_label=&#8221;blog&#8221; module_id=&#8221;wrapper_02_blog_overview&#8221; module_class=&#8221;wrapper_02_blog_overview&#8221; _builder_version=&#8221;4.8.1&#8243; _module_preset=&#8221;default&#8221;][et_pb_column type=&#8221;4_4&#8243; _builder_version=&#8221;4.8.1&#8243; _module_preset=&#8221;default&#8221;][et_pb_blog fullwidth=&#8221;off&#8221; include_categories=&#8221;all&#8221; show_more=&#8221;on&#8221; show_author=&#8221;off&#8221; show_categories=&#8221;off&#8221; admin_label=&#8221;blog&#8221; module_id=&#8221;wrapper_01_blog_overview&#8221; module_class=&#8221;wrapper_01_blog_overview&#8221; _builder_version=&#8221;4.8.1&#8243; _module_preset=&#8221;default&#8221;][\/et_pb_blog][\/et_pb_column][\/et_pb_row][\/et_pb_section]<\/p>\n","protected":false},"excerpt":{"rendered":"<p>BWS Germanlingua | BlogHilfreiche Artikel, Tipps, Veranstaltungshinweise und mehrKurse, Preise und Unterk\u00fcnfte in<\/p>\n","protected":false},"author":3,"featured_media":0,"parent":0,"menu_order":0,"comment_status":"closed","ping_status":"closed","template":"","meta":{"_et_pb_use_builder":"on","_et_pb_old_content":"","_et_gb_content_width":"","footnotes":""},"class_list":["post-33","page","type-page","status-publish","hentry"],"yoast_head":"<!-- This site is optimized with the Yoast SEO plugin v27.5 - https:\/\/yoast.com\/product\/yoast-seo-wordpress\/ -->\n<title>Blog | BWS Germanlingua<\/title>\n<meta name=\"description\" content=\"Erfahre, was an der BWS Germanlingua los ist - Stories aus erster Hand \u00fcber das Leben und den Alltag unserer Sch\u00fcler, Tipps, Events und vieles mehr!\" \/>\n<meta name=\"robots\" content=\"index, follow, max-snippet:-1, max-image-preview:large, max-video-preview:-1\" \/>\n<link rel=\"canonical\" href=\"https:\/\/www.bws-germanlingua.de\/de\/blog\/\" \/>\n<meta property=\"og:locale\" content=\"de_DE\" \/>\n<meta property=\"og:type\" content=\"article\" \/>\n<meta property=\"og:title\" content=\"Blog | BWS Germanlingua\" \/>\n<meta property=\"og:description\" content=\"Erfahre, was an der BWS Germanlingua los ist - Stories aus erster Hand \u00fcber das Leben und den Alltag unserer Sch\u00fcler, Tipps, Events und vieles mehr!\" \/>\n<meta property=\"og:url\" content=\"https:\/\/www.bws-germanlingua.de\/de\/blog\/\" \/>\n<meta property=\"og:site_name\" content=\"BWS Germanlingua DE\" \/>\n<meta property=\"article:modified_time\" content=\"2023-11-20T22:02:30+00:00\" \/>\n<meta name=\"twitter:card\" content=\"summary_large_image\" \/>\n<meta name=\"twitter:title\" content=\"Blog | BWS Germanlingua\" \/>\n<meta name=\"twitter:description\" content=\"Erfahre, was an der BWS Germanlingua los ist - Stories aus erster Hand \u00fcber das Leben und den Alltag unserer Sch\u00fcler, Tipps, Events und vieles mehr!\" \/>\n<meta name=\"twitter:label1\" content=\"Gesch\u00e4tzte Lesezeit\" \/>\n\t<meta name=\"twitter:data1\" content=\"1 Minute\" \/>\n<script type=\"application\/ld+json\" class=\"yoast-schema-graph\">{\"@context\":\"https:\\\/\\\/schema.org\",\"@graph\":[{\"@type\":\"WebPage\",\"@id\":\"https:\\\/\\\/www.bws-germanlingua.de\\\/de\\\/blog\\\/\",\"url\":\"https:\\\/\\\/www.bws-germanlingua.de\\\/de\\\/blog\\\/\",\"name\":\"Blog | BWS Germanlingua\",\"isPartOf\":{\"@id\":\"https:\\\/\\\/www.bws-germanlingua.de\\\/de\\\/#website\"},\"datePublished\":\"2020-11-10T09:13:18+00:00\",\"dateModified\":\"2023-11-20T22:02:30+00:00\",\"description\":\"Erfahre, was an der BWS Germanlingua los ist - Stories aus erster Hand \u00fcber das Leben und den Alltag unserer Sch\u00fcler, Tipps, Events und vieles mehr!\",\"breadcrumb\":{\"@id\":\"https:\\\/\\\/www.bws-germanlingua.de\\\/de\\\/blog\\\/#breadcrumb\"},\"inLanguage\":\"de-DE\",\"potentialAction\":[{\"@type\":\"ReadAction\",\"target\":[\"https:\\\/\\\/www.bws-germanlingua.de\\\/de\\\/blog\\\/\"]}]},{\"@type\":\"BreadcrumbList\",\"@id\":\"https:\\\/\\\/www.bws-germanlingua.de\\\/de\\\/blog\\\/#breadcrumb\",\"itemListElement\":[{\"@type\":\"ListItem\",\"position\":1,\"name\":\"Startseite\",\"item\":\"https:\\\/\\\/www.bws-germanlingua.de\\\/de\\\/\"},{\"@type\":\"ListItem\",\"position\":2,\"name\":\"Blog\"}]},{\"@type\":\"WebSite\",\"@id\":\"https:\\\/\\\/www.bws-germanlingua.de\\\/de\\\/#website\",\"url\":\"https:\\\/\\\/www.bws-germanlingua.de\\\/de\\\/\",\"name\":\"BWS Germanlingua DE\",\"description\":\"German courses in Germany\",\"potentialAction\":[{\"@type\":\"SearchAction\",\"target\":{\"@type\":\"EntryPoint\",\"urlTemplate\":\"https:\\\/\\\/www.bws-germanlingua.de\\\/de\\\/?s={search_term_string}\"},\"query-input\":{\"@type\":\"PropertyValueSpecification\",\"valueRequired\":true,\"valueName\":\"search_term_string\"}}],\"inLanguage\":\"de-DE\"}]}<\/script>\n<!-- \/ Yoast SEO plugin. -->","yoast_head_json":{"title":"Blog | BWS Germanlingua","description":"Erfahre, was an der BWS Germanlingua los ist - Stories aus erster Hand \u00fcber das Leben und den Alltag unserer Sch\u00fcler, Tipps, Events und vieles mehr!","robots":{"index":"index","follow":"follow","max-snippet":"max-snippet:-1","max-image-preview":"max-image-preview:large","max-video-preview":"max-video-preview:-1"},"canonical":"https:\/\/www.bws-germanlingua.de\/de\/blog\/","og_locale":"de_DE","og_type":"article","og_title":"Blog | BWS Germanlingua","og_description":"Erfahre, was an der BWS Germanlingua los ist - Stories aus erster Hand \u00fcber das Leben und den Alltag unserer Sch\u00fcler, Tipps, Events und vieles mehr!","og_url":"https:\/\/www.bws-germanlingua.de\/de\/blog\/","og_site_name":"BWS Germanlingua DE","article_modified_time":"2023-11-20T22:02:30+00:00","twitter_card":"summary_large_image","twitter_title":"Blog | BWS Germanlingua","twitter_description":"Erfahre, was an der BWS Germanlingua los ist - Stories aus erster Hand \u00fcber das Leben und den Alltag unserer Sch\u00fcler, Tipps, Events und vieles mehr!","twitter_misc":{"Gesch\u00e4tzte Lesezeit":"1 Minute"},"schema":{"@context":"https:\/\/schema.org","@graph":[{"@type":"WebPage","@id":"https:\/\/www.bws-germanlingua.de\/de\/blog\/","url":"https:\/\/www.bws-germanlingua.de\/de\/blog\/","name":"Blog | BWS Germanlingua","isPartOf":{"@id":"https:\/\/www.bws-germanlingua.de\/de\/#website"},"datePublished":"2020-11-10T09:13:18+00:00","dateModified":"2023-11-20T22:02:30+00:00","description":"Erfahre, was an der BWS Germanlingua los ist - Stories aus erster Hand \u00fcber das Leben und den Alltag unserer Sch\u00fcler, Tipps, Events und vieles mehr!","breadcrumb":{"@id":"https:\/\/www.bws-germanlingua.de\/de\/blog\/#breadcrumb"},"inLanguage":"de-DE","potentialAction":[{"@type":"ReadAction","target":["https:\/\/www.bws-germanlingua.de\/de\/blog\/"]}]},{"@type":"BreadcrumbList","@id":"https:\/\/www.bws-germanlingua.de\/de\/blog\/#breadcrumb","itemListElement":[{"@type":"ListItem","position":1,"name":"Startseite","item":"https:\/\/www.bws-germanlingua.de\/de\/"},{"@type":"ListItem","position":2,"name":"Blog"}]},{"@type":"WebSite","@id":"https:\/\/www.bws-germanlingua.de\/de\/#website","url":"https:\/\/www.bws-germanlingua.de\/de\/","name":"BWS Germanlingua DE","description":"German courses in Germany","potentialAction":[{"@type":"SearchAction","target":{"@type":"EntryPoint","urlTemplate":"https:\/\/www.bws-germanlingua.de\/de\/?s={search_term_string}"},"query-input":{"@type":"PropertyValueSpecification","valueRequired":true,"valueName":"search_term_string"}}],"inLanguage":"de-DE"}]}},"_links":{"self":[{"href":"https:\/\/www.bws-germanlingua.de\/de\/wp-json\/wp\/v2\/pages\/33","targetHints":{"allow":["GET"]}}],"collection":[{"href":"https:\/\/www.bws-germanlingua.de\/de\/wp-json\/wp\/v2\/pages"}],"about":[{"href":"https:\/\/www.bws-germanlingua.de\/de\/wp-json\/wp\/v2\/types\/page"}],"author":[{"embeddable":true,"href":"https:\/\/www.bws-germanlingua.de\/de\/wp-json\/wp\/v2\/users\/3"}],"replies":[{"embeddable":true,"href":"https:\/\/www.bws-germanlingua.de\/de\/wp-json\/wp\/v2\/comments?post=33"}],"version-history":[{"count":0,"href":"https:\/\/www.bws-germanlingua.de\/de\/wp-json\/wp\/v2\/pages\/33\/revisions"}],"wp:attachment":[{"href":"https:\/\/www.bws-germanlingua.de\/de\/wp-json\/wp\/v2\/media?parent=33"}],"curies":[{"name":"wp","href":"https:\/\/api.w.org\/{rel}","templated":true}]}}