{"id":527,"date":"2021-01-20T22:49:09","date_gmt":"2021-01-20T22:49:09","guid":{"rendered":"http:\/\/germanlingua.wpengine.com\/?page_id=527"},"modified":"2021-05-28T08:43:29","modified_gmt":"2021-05-28T08:43:29","slug":"agenturen","status":"publish","type":"page","link":"https:\/\/www.bws-germanlingua.de\/de\/agenturen\/","title":{"rendered":"Agenturen"},"content":{"rendered":"\n[et_pb_section fb_built=&#8221;1&#8243; _builder_version=&#8221;4.8.1&#8243; _module_preset=&#8221;default&#8221;][et_pb_row admin_label=&#8221;agents_intro&#8221; _builder_version=&#8221;4.8.2&#8243; _module_preset=&#8221;default&#8221;][et_pb_column type=&#8221;4_4&#8243; _builder_version=&#8221;4.8.2&#8243; _module_preset=&#8221;default&#8221;][et_pb_text admin_label=&#8221;agents_headline&#8221; _builder_version=&#8221;4.8.2&#8243; _module_preset=&#8221;default&#8221;]<h1>Willkommen auf unserer Agenturenseite<\/h1>[\/et_pb_text][et_pb_text admin_label=&#8221;agents_intro_copy&#8221; _builder_version=&#8221;4.8.2&#8243; _module_preset=&#8221;default&#8221;]<p>Hier finden Sie unsere Brosch\u00fcren, Preislisten, Anmeldeformulare in Englisch, Spanisch, Franz\u00f6sisch, Italienisch und Deutsch sowie unser Agentenhandbuch als PDF, hochaufl\u00f6sende Fotos und Videos zum Download.<\/p>[\/et_pb_text][\/et_pb_column][\/et_pb_row][et_pb_row column_structure=&#8221;1_3,1_3,1_3&#8243; _builder_version=&#8221;4.8.1&#8243; _module_preset=&#8221;default&#8221;][et_pb_column type=&#8221;1_3&#8243; _builder_version=&#8221;4.8.1&#8243; _module_preset=&#8221;default&#8221;][et_pb_image src=&#8221;https:\/\/www.bws-germanlingua.de\/de\/wp-content\/uploads\/sites\/3\/2021\/01\/BWS_Broschu__re_2021-1.jpg&#8221; title_text=&#8221;BWS_Broschu__re_2021-1&#8243; align=&#8221;center&#8221; admin_label=&#8221;brosch\u00fcre_titelseite&#8221; _builder_version=&#8221;4.9.0&#8243; _module_preset=&#8221;default&#8221;][\/et_pb_image][et_pb_text admin_label=&#8221;broschuere_download_link&#8221; _builder_version=&#8221;4.8.2&#8243; _module_preset=&#8221;default&#8221; text_orientation=&#8221;center&#8221;]<p>Brosch\u00fcre, Englisch, 2021<br \/><a class=\"broschuere_download_link\" href=\"http:\/\/germanlingua.wpengine.com\/wp-content\/broschures_pdf\/BWS_Broschu__re_2021.pdf\" target=\"_blank\" rel=\"noopener\">Download<\/a><\/p>[\/et_pb_text][\/et_pb_column][et_pb_column type=&#8221;1_3&#8243; _builder_version=&#8221;4.8.1&#8243; _module_preset=&#8221;default&#8221;][et_pb_image src=&#8221;https:\/\/www.bws-germanlingua.de\/de\/wp-content\/uploads\/sites\/3\/2021\/01\/BWS_Broschu__re_2021_span-1.jpg&#8221; title_text=&#8221;BWS_Broschu__re_2021_span-1&#8243; align=&#8221;center&#8221; admin_label=&#8221;brosch\u00fcre_titelseite&#8221; _builder_version=&#8221;4.9.0&#8243; _module_preset=&#8221;default&#8221;][\/et_pb_image][et_pb_text admin_label=&#8221;broschuere_download_link&#8221; _builder_version=&#8221;4.8.2&#8243; _module_preset=&#8221;default&#8221; text_orientation=&#8221;center&#8221;]<p>Brosch\u00fcre, Spanisch, 2021<br \/><a class=\"broschuere_download_link\" href=\"http:\/\/germanlingua.wpengine.com\/wp-content\/broschures_pdf\/BWS_Broschu__re_2021_span.pdf\" target=\"_blank\" rel=\"noopener\">Download<\/a><\/p>[\/et_pb_text][\/et_pb_column][et_pb_column type=&#8221;1_3&#8243; _builder_version=&#8221;4.8.1&#8243; _module_preset=&#8221;default&#8221;][et_pb_image src=&#8221;https:\/\/www.bws-germanlingua.de\/de\/wp-content\/uploads\/sites\/3\/2021\/01\/BWS_Broschu__re_2021_franz-1.jpg&#8221; title_text=&#8221;BWS_Broschu__re_2021_franz-1&#8243; align=&#8221;center&#8221; admin_label=&#8221;brosch\u00fcre_titelseite&#8221; _builder_version=&#8221;4.9.0&#8243; _module_preset=&#8221;default&#8221;][\/et_pb_image][et_pb_text admin_label=&#8221;broschuere_download_link&#8221; _builder_version=&#8221;4.9.4&#8243; _module_preset=&#8221;default&#8221; text_orientation=&#8221;center&#8221;]<p>Brosch\u00fcre, Franz\u00f6sisch, 2021<br \/><a class=\"broschuere_download_link\" href=\"http:\/\/germanlingua.wpengine.com\/wp-content\/broschures_pdf\/BWS_Broschu__re_2021_span.pdf\" target=\"_blank\" rel=\"noopener\">Download<\/a><\/p>[\/et_pb_text][\/et_pb_column][\/et_pb_row][et_pb_row column_structure=&#8221;1_3,1_3,1_3&#8243; _builder_version=&#8221;4.8.1&#8243; _module_preset=&#8221;default&#8221;][et_pb_column type=&#8221;1_3&#8243; _builder_version=&#8221;4.8.1&#8243; _module_preset=&#8221;default&#8221;][et_pb_image src=&#8221;https:\/\/www.bws-germanlingua.de\/de\/wp-content\/uploads\/sites\/3\/2021\/01\/Preisliste_2021_einzel_franz-1.jpg&#8221; title_text=&#8221;Preisliste_2021_einzel_franz-1&#8243; align=&#8221;center&#8221; admin_label=&#8221;brosch\u00fcre_titelseite&#8221; _builder_version=&#8221;4.9.0&#8243; _module_preset=&#8221;default&#8221;][\/et_pb_image][et_pb_text admin_label=&#8221;broschuere_download_link&#8221; _builder_version=&#8221;4.8.2&#8243; _module_preset=&#8221;default&#8221; text_orientation=&#8221;center&#8221;]<p>Brosch\u00fcre Tarifen, 2021<br \/><a class=\"broschuere_download_link\" href=\"http:\/\/germanlingua.wpengine.com\/wp-content\/broschures_pdf\/Preisliste_2021_einzel_franz.pdf\" target=\"_blank\" rel=\"noopener\">Download<\/a><\/p>[\/et_pb_text][\/et_pb_column][et_pb_column type=&#8221;1_3&#8243; _builder_version=&#8221;4.8.1&#8243; _module_preset=&#8221;default&#8221;][et_pb_image src=&#8221;https:\/\/www.bws-germanlingua.de\/de\/wp-content\/uploads\/sites\/3\/2021\/01\/Preisliste_2021_einzel_span-1.jpg&#8221; title_text=&#8221;Preisliste_2021_einzel_span-1&#8243; align=&#8221;center&#8221; admin_label=&#8221;brosch\u00fcre_titelseite&#8221; _builder_version=&#8221;4.9.0&#8243; _module_preset=&#8221;default&#8221;][\/et_pb_image][et_pb_text admin_label=&#8221;broschuere_download_link&#8221; _builder_version=&#8221;4.8.2&#8243; _module_preset=&#8221;default&#8221; text_orientation=&#8221;center&#8221;]<p>Preisliste, 2021<br \/><a class=\"broschuere_download_link\" href=\"http:\/\/germanlingua.wpengine.com\/wp-content\/broschures_pdf\/Preisliste_2021_einzel_span.pdf\" target=\"_blank\" rel=\"noopener\">Download<\/a><\/p>[\/et_pb_text][\/et_pb_column][et_pb_column type=&#8221;1_3&#8243; _builder_version=&#8221;4.8.1&#8243; _module_preset=&#8221;default&#8221;][et_pb_image src=&#8221;https:\/\/www.bws-germanlingua.de\/de\/wp-content\/uploads\/sites\/3\/2021\/01\/Price_list_2021_einzel-1.jpg&#8221; title_text=&#8221;Price_list_2021_einzel-1&#8243; align=&#8221;center&#8221; admin_label=&#8221;brosch\u00fcre_titelseite&#8221; _builder_version=&#8221;4.9.0&#8243; _module_preset=&#8221;default&#8221;][\/et_pb_image][et_pb_text admin_label=&#8221;broschuere_download_link&#8221; _builder_version=&#8221;4.9.4&#8243; _module_preset=&#8221;default&#8221; text_orientation=&#8221;center&#8221; hover_enabled=&#8221;0&#8243; sticky_enabled=&#8221;0&#8243;]<p>Preisliste, Zusatz \u00dcbernachtungen, 2021<br \/><a class=\"broschuere_download_link\" href=\"http:\/\/germanlingua.wpengine.com\/wp-content\/broschures_pdf\/Price_list_2021_einzel.pdf\" target=\"_blank\" rel=\"noopener\">Download<\/a><\/p>[\/et_pb_text][\/et_pb_column][\/et_pb_row][\/et_pb_section]\n","protected":false},"excerpt":{"rendered":"<p>Willkommen auf unserer AgenturenseiteHier finden Sie unsere Brosch\u00fcren, Preislisten, Anmeldeformulare in Englisch, Spanisch, Franz\u00f6sisch, Italienisch und Deutsch sowie unser Agentenhandbuch als PDF, hochaufl\u00f6sende Fotos und Videos zum Download.Brosch\u00fcre, Englisch, 2021DownloadBrosch\u00fcre, Spanisch, 2021DownloadBrosch\u00fcre, Franz\u00f6sisch, 2021DownloadBrosch\u00fcre Tarifen, 2021DownloadPreisliste, 2021DownloadPreisliste, Zusatz \u00dcbernachtungen, 2021Download<\/p>\n","protected":false},"author":3,"featured_media":0,"parent":0,"menu_order":0,"comment_status":"closed","ping_status":"closed","template":"","meta":{"_et_pb_use_builder":"on","_et_pb_old_content":"","_et_gb_content_width":"","footnotes":""},"class_list":["post-527","page","type-page","status-publish","hentry"],"yoast_head":"<!-- This site is optimized with the Yoast SEO plugin v27.5 - https:\/\/yoast.com\/product\/yoast-seo-wordpress\/ -->\n<title>Agenturen - BWS Germanlingua DE<\/title>\n<meta name=\"description\" content=\"Hier finden Sie unsere Brosch\u00fcren, Preislisten, Anmeldeformulare in verschiedenen Sprachen sowie weiteres Material zum Download.\" \/>\n<meta name=\"robots\" content=\"index, follow, max-snippet:-1, max-image-preview:large, max-video-preview:-1\" \/>\n<link rel=\"canonical\" href=\"https:\/\/www.bws-germanlingua.de\/de\/agenturen\/\" \/>\n<meta property=\"og:locale\" content=\"de_DE\" \/>\n<meta property=\"og:type\" content=\"article\" \/>\n<meta property=\"og:title\" content=\"Agenturen - BWS Germanlingua DE\" \/>\n<meta property=\"og:description\" content=\"Hier finden Sie unsere Brosch\u00fcren, Preislisten, Anmeldeformulare in verschiedenen Sprachen sowie weiteres Material zum Download.\" \/>\n<meta property=\"og:url\" content=\"https:\/\/www.bws-germanlingua.de\/de\/agenturen\/\" \/>\n<meta property=\"og:site_name\" content=\"BWS Germanlingua DE\" \/>\n<meta property=\"article:modified_time\" content=\"2021-05-28T08:43:29+00:00\" \/>\n<meta name=\"twitter:card\" content=\"summary_large_image\" \/>\n<meta name=\"twitter:label1\" content=\"Gesch\u00e4tzte Lesezeit\" \/>\n\t<meta name=\"twitter:data1\" content=\"1 Minute\" \/>\n<script type=\"application\/ld+json\" class=\"yoast-schema-graph\">{\"@context\":\"https:\\\/\\\/schema.org\",\"@graph\":[{\"@type\":\"WebPage\",\"@id\":\"https:\\\/\\\/www.bws-germanlingua.de\\\/de\\\/agenturen\\\/\",\"url\":\"https:\\\/\\\/www.bws-germanlingua.de\\\/de\\\/agenturen\\\/\",\"name\":\"Agenturen - BWS Germanlingua DE\",\"isPartOf\":{\"@id\":\"https:\\\/\\\/www.bws-germanlingua.de\\\/de\\\/#website\"},\"datePublished\":\"2021-01-20T22:49:09+00:00\",\"dateModified\":\"2021-05-28T08:43:29+00:00\",\"description\":\"Hier finden Sie unsere Brosch\u00fcren, Preislisten, Anmeldeformulare in verschiedenen Sprachen sowie weiteres Material zum Download.\",\"breadcrumb\":{\"@id\":\"https:\\\/\\\/www.bws-germanlingua.de\\\/de\\\/agenturen\\\/#breadcrumb\"},\"inLanguage\":\"de-DE\",\"potentialAction\":[{\"@type\":\"ReadAction\",\"target\":[\"https:\\\/\\\/www.bws-germanlingua.de\\\/de\\\/agenturen\\\/\"]}]},{\"@type\":\"BreadcrumbList\",\"@id\":\"https:\\\/\\\/www.bws-germanlingua.de\\\/de\\\/agenturen\\\/#breadcrumb\",\"itemListElement\":[{\"@type\":\"ListItem\",\"position\":1,\"name\":\"Startseite\",\"item\":\"https:\\\/\\\/www.bws-germanlingua.de\\\/de\\\/\"},{\"@type\":\"ListItem\",\"position\":2,\"name\":\"Agenturen\"}]},{\"@type\":\"WebSite\",\"@id\":\"https:\\\/\\\/www.bws-germanlingua.de\\\/de\\\/#website\",\"url\":\"https:\\\/\\\/www.bws-germanlingua.de\\\/de\\\/\",\"name\":\"BWS Germanlingua DE\",\"description\":\"German courses in Germany\",\"potentialAction\":[{\"@type\":\"SearchAction\",\"target\":{\"@type\":\"EntryPoint\",\"urlTemplate\":\"https:\\\/\\\/www.bws-germanlingua.de\\\/de\\\/?s={search_term_string}\"},\"query-input\":{\"@type\":\"PropertyValueSpecification\",\"valueRequired\":true,\"valueName\":\"search_term_string\"}}],\"inLanguage\":\"de-DE\"}]}<\/script>\n<!-- \/ Yoast SEO plugin. -->","yoast_head_json":{"title":"Agenturen - BWS Germanlingua DE","description":"Hier finden Sie unsere Brosch\u00fcren, Preislisten, Anmeldeformulare in verschiedenen Sprachen sowie weiteres Material zum Download.","robots":{"index":"index","follow":"follow","max-snippet":"max-snippet:-1","max-image-preview":"max-image-preview:large","max-video-preview":"max-video-preview:-1"},"canonical":"https:\/\/www.bws-germanlingua.de\/de\/agenturen\/","og_locale":"de_DE","og_type":"article","og_title":"Agenturen - BWS Germanlingua DE","og_description":"Hier finden Sie unsere Brosch\u00fcren, Preislisten, Anmeldeformulare in verschiedenen Sprachen sowie weiteres Material zum Download.","og_url":"https:\/\/www.bws-germanlingua.de\/de\/agenturen\/","og_site_name":"BWS Germanlingua DE","article_modified_time":"2021-05-28T08:43:29+00:00","twitter_card":"summary_large_image","twitter_misc":{"Gesch\u00e4tzte Lesezeit":"1 Minute"},"schema":{"@context":"https:\/\/schema.org","@graph":[{"@type":"WebPage","@id":"https:\/\/www.bws-germanlingua.de\/de\/agenturen\/","url":"https:\/\/www.bws-germanlingua.de\/de\/agenturen\/","name":"Agenturen - BWS Germanlingua DE","isPartOf":{"@id":"https:\/\/www.bws-germanlingua.de\/de\/#website"},"datePublished":"2021-01-20T22:49:09+00:00","dateModified":"2021-05-28T08:43:29+00:00","description":"Hier finden Sie unsere Brosch\u00fcren, Preislisten, Anmeldeformulare in verschiedenen Sprachen sowie weiteres Material zum Download.","breadcrumb":{"@id":"https:\/\/www.bws-germanlingua.de\/de\/agenturen\/#breadcrumb"},"inLanguage":"de-DE","potentialAction":[{"@type":"ReadAction","target":["https:\/\/www.bws-germanlingua.de\/de\/agenturen\/"]}]},{"@type":"BreadcrumbList","@id":"https:\/\/www.bws-germanlingua.de\/de\/agenturen\/#breadcrumb","itemListElement":[{"@type":"ListItem","position":1,"name":"Startseite","item":"https:\/\/www.bws-germanlingua.de\/de\/"},{"@type":"ListItem","position":2,"name":"Agenturen"}]},{"@type":"WebSite","@id":"https:\/\/www.bws-germanlingua.de\/de\/#website","url":"https:\/\/www.bws-germanlingua.de\/de\/","name":"BWS Germanlingua DE","description":"German courses in Germany","potentialAction":[{"@type":"SearchAction","target":{"@type":"EntryPoint","urlTemplate":"https:\/\/www.bws-germanlingua.de\/de\/?s={search_term_string}"},"query-input":{"@type":"PropertyValueSpecification","valueRequired":true,"valueName":"search_term_string"}}],"inLanguage":"de-DE"}]}},"_links":{"self":[{"href":"https:\/\/www.bws-germanlingua.de\/de\/wp-json\/wp\/v2\/pages\/527","targetHints":{"allow":["GET"]}}],"collection":[{"href":"https:\/\/www.bws-germanlingua.de\/de\/wp-json\/wp\/v2\/pages"}],"about":[{"href":"https:\/\/www.bws-germanlingua.de\/de\/wp-json\/wp\/v2\/types\/page"}],"author":[{"embeddable":true,"href":"https:\/\/www.bws-germanlingua.de\/de\/wp-json\/wp\/v2\/users\/3"}],"replies":[{"embeddable":true,"href":"https:\/\/www.bws-germanlingua.de\/de\/wp-json\/wp\/v2\/comments?post=527"}],"version-history":[{"count":0,"href":"https:\/\/www.bws-germanlingua.de\/de\/wp-json\/wp\/v2\/pages\/527\/revisions"}],"wp:attachment":[{"href":"https:\/\/www.bws-germanlingua.de\/de\/wp-json\/wp\/v2\/media?parent=527"}],"curies":[{"name":"wp","href":"https:\/\/api.w.org\/{rel}","templated":true}]}}