{"id":611,"date":"2021-01-26T22:50:19","date_gmt":"2021-01-26T22:50:19","guid":{"rendered":"http:\/\/germanlingua.wpengine.com\/?page_id=611"},"modified":"2025-09-19T08:32:35","modified_gmt":"2025-09-19T08:32:35","slug":"praktikum","status":"publish","type":"page","link":"https:\/\/www.bws-germanlingua.de\/de\/praktikum\/","title":{"rendered":"Praktikum"},"content":{"rendered":"<p>[et_pb_section fb_built=&#8221;1&#8243; admin_label=&#8221;keyvisual_header&#8221; module_id=&#8221;wrapper_03_keyvisual_header&#8221; module_class=&#8221;wrapper_03_keyvisual_header&#8221; _builder_version=&#8221;4.16&#8243; _module_preset=&#8221;default&#8221; background_image=&#8221;https:\/\/www.bws-germanlingua.de\/de\/wp-content\/uploads\/sites\/3\/2021\/04\/keyvisual_internship_color.jpg&#8221; parallax=&#8221;on&#8221; parallax_method=&#8221;off&#8221; locked=&#8221;off&#8221; global_colors_info=&#8221;{}&#8221;][et_pb_row column_structure=&#8221;1_4,3_4&#8243; admin_label=&#8221;keyvisual_header&#8221; module_id=&#8221;wrapper_02_keyvisual_header&#8221; module_class=&#8221;wrapper_02_keyvisual_header&#8221; _builder_version=&#8221;4.16&#8243; _module_preset=&#8221;default&#8221; global_colors_info=&#8221;{}&#8221;][et_pb_column type=&#8221;1_4&#8243; _builder_version=&#8221;4.16&#8243; _module_preset=&#8221;default&#8221; global_colors_info=&#8221;{}&#8221;][et_pb_image src=&#8221;https:\/\/www.bws-germanlingua.de\/de\/wp-content\/uploads\/sites\/3\/2021\/03\/bws_logo_negativ.png&#8221; title_text=&#8221;bws_logo_negativ&#8221; align=&#8221;right&#8221; admin_label=&#8221;logo&#8221; module_id=&#8221;wrapper_01_keyvisual_logo&#8221; module_class=&#8221;wrapper_01_keyvisual_logo&#8221; _builder_version=&#8221;4.16&#8243; _module_preset=&#8221;default&#8221; global_colors_info=&#8221;{}&#8221;][\/et_pb_image][\/et_pb_column][et_pb_column type=&#8221;3_4&#8243; _builder_version=&#8221;4.16&#8243; _module_preset=&#8221;default&#8221; global_colors_info=&#8221;{}&#8221;][et_pb_text admin_label=&#8221;keyvisual_overheadline&#8221; module_id=&#8221;wrapper_01_keyvisual_overheadline&#8221; module_class=&#8221;wrapper_01_keyvisual_overheadline&#8221; _builder_version=&#8221;4.16&#8243; _module_preset=&#8221;default&#8221; global_colors_info=&#8221;{}&#8221;]BWS Germanlingua | Praktikum[\/et_pb_text][et_pb_text admin_label=&#8221;keyvisual_willkommen_headline&#8221; module_id=&#8221;wrapper_01_keyvisual_willkommen_headline&#8221; module_class=&#8221;wrapper_01_keyvisual_willkommen_headline&#8221; _builder_version=&#8221;4.16&#8243; _module_preset=&#8221;default&#8221; global_colors_info=&#8221;{}&#8221;]<\/p>\n<h1>Attraktive Vorteile der Zusammenarbeit mit uns<\/h1>\n<p>[\/et_pb_text][\/et_pb_column][\/et_pb_row][et_pb_row admin_label=&#8221;keyvisual_stadtmenu&#8221; module_id=&#8221;wrapper_02_keyvisual_stadtmenu&#8221; module_class=&#8221;wrapper_02_keyvisual_stadtmenu&#8221; _builder_version=&#8221;4.16&#8243; _module_preset=&#8221;default&#8221; module_alignment=&#8221;center&#8221; global_colors_info=&#8221;{}&#8221;][et_pb_column type=&#8221;4_4&#8243; _builder_version=&#8221;4.16&#8243; _module_preset=&#8221;default&#8221; global_colors_info=&#8221;{}&#8221;][et_pb_text admin_label=&#8221;keyvisual_stadtmenu_headline&#8221; module_id=&#8221;wrapper_01_keyvisual_stadtmenu_headline&#8221; module_class=&#8221;wrapper_01_keyvisual_stadtmenu_headline&#8221; _builder_version=&#8221;4.16&#8243; _module_preset=&#8221;default&#8221; background_color=&#8221;#FFFFFF&#8221; locked=&#8221;off&#8221; global_colors_info=&#8221;{}&#8221;]<\/p>\n<p>Kurse, Preise und Unterk\u00fcnfte in<\/p>\n<p>[\/et_pb_text][et_pb_menu menu_id=&#8221;6&#8243; menu_style=&#8221;centered&#8221; admin_label=&#8221;keyvisual_stadtmenu&#8221; module_id=&#8221;wrapper_01_keyvisual_stadtmenu&#8221; module_class=&#8221;wrapper_01_keyvisual_stadtmenu&#8221; _builder_version=&#8221;4.16&#8243; _module_preset=&#8221;default&#8221; background_color=&#8221;#FFFFFF&#8221; global_colors_info=&#8221;{}&#8221;][\/et_pb_menu][\/et_pb_column][\/et_pb_row][\/et_pb_section][et_pb_section fb_built=&#8221;1&#8243; _builder_version=&#8221;4.16&#8243; _module_preset=&#8221;default&#8221; global_colors_info=&#8221;{}&#8221;][et_pb_row _builder_version=&#8221;4.16&#8243; _module_preset=&#8221;default&#8221; global_colors_info=&#8221;{}&#8221;][et_pb_column type=&#8221;4_4&#8243; _builder_version=&#8221;4.16&#8243; _module_preset=&#8221;default&#8221; global_colors_info=&#8221;{}&#8221;][et_pb_text admin_label=&#8221;internship_intro&#8221; module_id=&#8221;wrapper_01_about_us_intro&#8221; module_class=&#8221;wrapper_01_about_us_intro&#8221; _builder_version=&#8221;4.25.2&#8243; _module_preset=&#8221;default&#8221; global_colors_info=&#8221;{}&#8221;]<\/p>\n<div>\n<p>BWS Germanlingua bietet von Oktober bis Juni Praktika f\u00fcr bis zu drei Monate an. Obwohl die Praktika aus rechtlichen Gr\u00fcnden nicht bezahlt werden, bietet die Zusammenarbeit mit uns andere attraktive Vorteile: Du erh\u00e4ltst einen erm\u00e4\u00dfigten Standard- oder Intensivkurs und kannst an unseren vielf\u00e4ltigen Freizeitaktivit\u00e4ten teilnehmen. Wenn du daran interessiert bist und Erfahrung mit Social Media, Blogging, Journalismus oder dem Bearbeiten von Videos hast, schau dir unsere Programme an.<\/p>\n<p><strong>Bitte beachte:<\/strong> Die Praktika sind nur zwischen Oktober und Juni verf\u00fcgbar. Nicht im Juli, August und September.<\/p>\n<\/div>\n<p>[\/et_pb_text][\/et_pb_column][\/et_pb_row][\/et_pb_section][et_pb_section fb_built=&#8221;1&#8243; _builder_version=&#8221;4.16&#8243; _module_preset=&#8221;default&#8221; use_background_color_gradient=&#8221;on&#8221; background_color_gradient_stops=&#8221;#f1f1f2 0%|#ffffff 100%&#8221; background_color_gradient_start=&#8221;#f1f1f2&#8243; background_color_gradient_end=&#8221;#ffffff&#8221; global_colors_info=&#8221;{}&#8221;][et_pb_row _builder_version=&#8221;4.16&#8243; _module_preset=&#8221;default&#8221; global_colors_info=&#8221;{}&#8221;][et_pb_column type=&#8221;4_4&#8243; _builder_version=&#8221;4.16&#8243; _module_preset=&#8221;default&#8221; global_colors_info=&#8221;{}&#8221;][et_pb_text _builder_version=&#8221;4.16&#8243; _module_preset=&#8221;default&#8221; global_colors_info=&#8221;{}&#8221;]<\/p>\n<div class=\"head_line_blue\"><\/div>\n<h2>Teilzeitpraktikum<\/h2>\n<p>[\/et_pb_text][\/et_pb_column][\/et_pb_row][et_pb_row column_structure=&#8221;1_2,1_2&#8243; _builder_version=&#8221;4.16&#8243; _module_preset=&#8221;default&#8221; global_colors_info=&#8221;{}&#8221;][et_pb_column type=&#8221;1_2&#8243; _builder_version=&#8221;4.16&#8243; _module_preset=&#8221;default&#8221; global_colors_info=&#8221;{}&#8221;][et_pb_text _builder_version=&#8221;4.16&#8243; _module_preset=&#8221;default&#8221; hover_enabled=&#8221;0&#8243; global_colors_info=&#8221;{}&#8221; sticky_enabled=&#8221;0&#8243;]<\/p>\n<h5>Dein Beitrag:<\/h5>\n<ul>\n<li>Mindestdeutschniveau B1<\/li>\n<li>Erfahrung mit Social Media Kan\u00e4len<\/li>\n<li>Insgesamt 20 Arbeitsstunden pro Woche<\/li>\n<\/ul>\n<h6>15 Stunden pro Woche, Mo-Fr, 14-17 Uhr im B\u00fcro<\/h6>\n<ul>\n<li>Arbeiten im B\u00fcro der <a href=\"https:\/\/www.bws-germanlingua.de\/de\/\">Sprachschule<\/a><\/li>\n<li>Posten von Fotos, Videos \u00fcber die Schule, Sprachkurse, die Stadt, Schulaktivit\u00e4ten in sozialen Netzwerken<\/li>\n<\/ul>\n<h6>5 Stunden pro Woche (abends und am Wochenende) auf Tour mit schulischen Aktivit\u00e4ten und alleine<\/h6>\n<ul>\n<li>Aufnehmen von Fotos und Videos der Stadt, Aktivit\u00e4ten usw.<\/li>\n<\/ul>\n<p>[\/et_pb_text][\/et_pb_column][et_pb_column type=&#8221;1_2&#8243; _builder_version=&#8221;4.16&#8243; _module_preset=&#8221;default&#8221; global_colors_info=&#8221;{}&#8221;][et_pb_text _builder_version=&#8221;4.25.2&#8243; _module_preset=&#8221;default&#8221; global_colors_info=&#8221;{}&#8221;]<\/p>\n<h5>Was du bekommst:<\/h5>\n<ul>\n<li>20 Lektionen Deutschkurs pro Woche kostenlos (Standardkurs). Dauer 4-12 Wochen. Dieses Angebot beinhaltet keine \u00dcbernachtungskosten.<\/li>\n<\/ul>\n<p>Bewirb dich mit deinem Lebenslauf und einem Motivationsschreiben in deiner gew\u00fcnschten Stadt (M\u00fcnchen, Berlin, K\u00f6ln) f\u00fcr ein Praktikum.<\/p>\n<p><a class=\"button_aplay_now\" href=\"mailto:koeln@bws-germanlingua.de?subject=Internship Bewerbung - Part Time Internship\">Jetzt bewerben<\/a><\/p>\n<p>[\/et_pb_text][\/et_pb_column][\/et_pb_row][et_pb_row admin_label=&#8221;disounted_course_headline&#8221; module_id=&#8221;wrapper_02_disounted_course_headline&#8221; module_class=&#8221;wrapper_02_disounted_course_headline&#8221; _builder_version=&#8221;4.16&#8243; _module_preset=&#8221;default&#8221; global_colors_info=&#8221;{}&#8221;][et_pb_column type=&#8221;4_4&#8243; _builder_version=&#8221;4.16&#8243; _module_preset=&#8221;default&#8221; global_colors_info=&#8221;{}&#8221;][et_pb_text admin_label=&#8221;disounted_course_headline&#8221; _builder_version=&#8221;4.16&#8243; _module_preset=&#8221;default&#8221; global_colors_info=&#8221;{}&#8221;]<\/p>\n<div class=\"head_line_blue\"><\/div>\n<h2>Erm\u00e4\u00dfigter Kurs<\/h2>\n<p>Erhalte 40% Rabatt auf deine Kursgeb\u00fchr f\u00fcr Intensiv- oder Standardkurse<\/p>\n<p>[\/et_pb_text][\/et_pb_column][\/et_pb_row][et_pb_row column_structure=&#8221;1_2,1_2&#8243; _builder_version=&#8221;4.16&#8243; _module_preset=&#8221;default&#8221; global_colors_info=&#8221;{}&#8221;][et_pb_column type=&#8221;1_2&#8243; _builder_version=&#8221;4.16&#8243; _module_preset=&#8221;default&#8221; global_colors_info=&#8221;{}&#8221;][et_pb_text _builder_version=&#8221;4.27.4&#8243; _module_preset=&#8221;default&#8221; hover_enabled=&#8221;0&#8243; global_colors_info=&#8221;{}&#8221; sticky_enabled=&#8221;0&#8243;]<\/p>\n<h5>Dein Beitrag:<\/h5>\n<ul>\n<li>Mindestdeutschniveau A2<\/li>\n<li>3 Artikel in deutscher oder englischer Sprache mit mindestens 350 W\u00f6rtern und \/ oder Videos mit einer Mindestl\u00e4nge von 1 Minute pro Woche \u00fcber die Stadt, die Schule, Aktivit\u00e4ten, das Deutschlernen f\u00fcr unseren Youtube-Kanal, unseren Blog oder soziale Medien.<\/li>\n<\/ul>\n<p>[\/et_pb_text][\/et_pb_column][et_pb_column type=&#8221;1_2&#8243; _builder_version=&#8221;4.16&#8243; _module_preset=&#8221;default&#8221; global_colors_info=&#8221;{}&#8221;][et_pb_text _builder_version=&#8221;4.16&#8243; _module_preset=&#8221;default&#8221; global_colors_info=&#8221;{}&#8221;]<\/p>\n<h5>Was du bekommst:<\/h5>\n<ul>\n<li>40% Rabatt auf deine Kursgeb\u00fchr f\u00fcr Intensiv- oder Standardkurse an unseren Schulen in M\u00fcnchen, Berlin oder K\u00f6ln. Dieser Kurs ist nur von Oktober bis Juni verf\u00fcgbar. Der Rabatt gilt nicht f\u00fcr die \u00dcbernachtungskosten.<\/li>\n<\/ul>\n<p>Bewerbe dich mit deinem Lebenslauf und einem Motivationsschreiben in deiner gew\u00fcnschten Stadt (M\u00fcnchen, Berlin oder K\u00f6ln) f\u00fcr den erm\u00e4\u00dfigten Kurs.<\/p>\n<p><a class=\"button_aplay_now\" href=\"mailto:koeln@bws-germanlingua.de?subject=Internship Bewerbung - Discounted Course\">Jetzt bewerben<\/a><\/p>\n<p>[\/et_pb_text][\/et_pb_column][\/et_pb_row][\/et_pb_section]<\/p>\n","protected":false},"excerpt":{"rendered":"<p>BWS Germanlingua | PraktikumAttraktive Vorteile der Zusammenarbeit mit unsKurse, Preise und Unterk\u00fcnfte in BWS Germanlingua bietet von Oktober bis Juni Praktika f\u00fcr bis zu drei Monate an. Obwohl die Praktika aus rechtlichen Gr\u00fcnden nicht bezahlt werden, bietet die Zusammenarbeit mit uns andere attraktive Vorteile: Du erh\u00e4ltst einen erm\u00e4\u00dfigten Standard- oder Intensivkurs und kannst an unseren [&hellip;]<\/p>\n","protected":false},"author":3,"featured_media":0,"parent":0,"menu_order":0,"comment_status":"closed","ping_status":"closed","template":"","meta":{"_et_pb_use_builder":"on","_et_pb_old_content":"","_et_gb_content_width":"","footnotes":""},"class_list":["post-611","page","type-page","status-publish","hentry"],"yoast_head":"<!-- This site is optimized with the Yoast SEO plugin v27.5 - https:\/\/yoast.com\/product\/yoast-seo-wordpress\/ -->\n<title>Verbinde Dein Praktikum bei BWS mit einem Deutschsprachkurs<\/title>\n<meta name=\"description\" content=\"BWS Germanlingua bietet Praktika f\u00fcr bis zu drei Monate an. Du erh\u00e4ltst 20 Lektionen Deutschkurs pro Woche kostenlos (Standardkurs). Jetzt mehr erfahren!\" \/>\n<meta name=\"robots\" content=\"index, follow, max-snippet:-1, max-image-preview:large, max-video-preview:-1\" \/>\n<link rel=\"canonical\" href=\"https:\/\/www.bws-germanlingua.de\/de\/praktikum\/\" \/>\n<meta property=\"og:locale\" content=\"de_DE\" \/>\n<meta property=\"og:type\" content=\"article\" \/>\n<meta property=\"og:title\" content=\"Verbinde Dein Praktikum bei BWS mit einem Deutschsprachkurs\" \/>\n<meta property=\"og:description\" content=\"BWS Germanlingua bietet Praktika f\u00fcr bis zu drei Monate an. Du erh\u00e4ltst 20 Lektionen Deutschkurs pro Woche kostenlos (Standardkurs). Jetzt mehr erfahren!\" \/>\n<meta property=\"og:url\" content=\"https:\/\/www.bws-germanlingua.de\/de\/praktikum\/\" \/>\n<meta property=\"og:site_name\" content=\"BWS Germanlingua DE\" \/>\n<meta property=\"article:modified_time\" content=\"2025-09-19T08:32:35+00:00\" \/>\n<meta name=\"twitter:card\" content=\"summary_large_image\" \/>\n<meta name=\"twitter:title\" content=\"Verbinde Dein Praktikum bei BWS mit einem Deutschsprachkurs\" \/>\n<meta name=\"twitter:description\" content=\"BWS Germanlingua bietet Praktika f\u00fcr bis zu drei Monate an. Du erh\u00e4ltst 20 Lektionen Deutschkurs pro Woche kostenlos (Standardkurs). Jetzt mehr erfahren!\" \/>\n<meta name=\"twitter:label1\" content=\"Gesch\u00e4tzte Lesezeit\" \/>\n\t<meta name=\"twitter:data1\" content=\"3 Minuten\" \/>\n<script type=\"application\/ld+json\" class=\"yoast-schema-graph\">{\"@context\":\"https:\\\/\\\/schema.org\",\"@graph\":[{\"@type\":\"WebPage\",\"@id\":\"https:\\\/\\\/www.bws-germanlingua.de\\\/de\\\/praktikum\\\/\",\"url\":\"https:\\\/\\\/www.bws-germanlingua.de\\\/de\\\/praktikum\\\/\",\"name\":\"Verbinde Dein Praktikum bei BWS mit einem Deutschsprachkurs\",\"isPartOf\":{\"@id\":\"https:\\\/\\\/www.bws-germanlingua.de\\\/de\\\/#website\"},\"datePublished\":\"2021-01-26T22:50:19+00:00\",\"dateModified\":\"2025-09-19T08:32:35+00:00\",\"description\":\"BWS Germanlingua bietet Praktika f\u00fcr bis zu drei Monate an. Du erh\u00e4ltst 20 Lektionen Deutschkurs pro Woche kostenlos (Standardkurs). Jetzt mehr erfahren!\",\"breadcrumb\":{\"@id\":\"https:\\\/\\\/www.bws-germanlingua.de\\\/de\\\/praktikum\\\/#breadcrumb\"},\"inLanguage\":\"de-DE\",\"potentialAction\":[{\"@type\":\"ReadAction\",\"target\":[\"https:\\\/\\\/www.bws-germanlingua.de\\\/de\\\/praktikum\\\/\"]}]},{\"@type\":\"BreadcrumbList\",\"@id\":\"https:\\\/\\\/www.bws-germanlingua.de\\\/de\\\/praktikum\\\/#breadcrumb\",\"itemListElement\":[{\"@type\":\"ListItem\",\"position\":1,\"name\":\"Startseite\",\"item\":\"https:\\\/\\\/www.bws-germanlingua.de\\\/de\\\/\"},{\"@type\":\"ListItem\",\"position\":2,\"name\":\"Praktikum\"}]},{\"@type\":\"WebSite\",\"@id\":\"https:\\\/\\\/www.bws-germanlingua.de\\\/de\\\/#website\",\"url\":\"https:\\\/\\\/www.bws-germanlingua.de\\\/de\\\/\",\"name\":\"BWS Germanlingua DE\",\"description\":\"German courses in Germany\",\"potentialAction\":[{\"@type\":\"SearchAction\",\"target\":{\"@type\":\"EntryPoint\",\"urlTemplate\":\"https:\\\/\\\/www.bws-germanlingua.de\\\/de\\\/?s={search_term_string}\"},\"query-input\":{\"@type\":\"PropertyValueSpecification\",\"valueRequired\":true,\"valueName\":\"search_term_string\"}}],\"inLanguage\":\"de-DE\"}]}<\/script>\n<!-- \/ Yoast SEO plugin. -->","yoast_head_json":{"title":"Verbinde Dein Praktikum bei BWS mit einem Deutschsprachkurs","description":"BWS Germanlingua bietet Praktika f\u00fcr bis zu drei Monate an. Du erh\u00e4ltst 20 Lektionen Deutschkurs pro Woche kostenlos (Standardkurs). Jetzt mehr erfahren!","robots":{"index":"index","follow":"follow","max-snippet":"max-snippet:-1","max-image-preview":"max-image-preview:large","max-video-preview":"max-video-preview:-1"},"canonical":"https:\/\/www.bws-germanlingua.de\/de\/praktikum\/","og_locale":"de_DE","og_type":"article","og_title":"Verbinde Dein Praktikum bei BWS mit einem Deutschsprachkurs","og_description":"BWS Germanlingua bietet Praktika f\u00fcr bis zu drei Monate an. Du erh\u00e4ltst 20 Lektionen Deutschkurs pro Woche kostenlos (Standardkurs). Jetzt mehr erfahren!","og_url":"https:\/\/www.bws-germanlingua.de\/de\/praktikum\/","og_site_name":"BWS Germanlingua DE","article_modified_time":"2025-09-19T08:32:35+00:00","twitter_card":"summary_large_image","twitter_title":"Verbinde Dein Praktikum bei BWS mit einem Deutschsprachkurs","twitter_description":"BWS Germanlingua bietet Praktika f\u00fcr bis zu drei Monate an. Du erh\u00e4ltst 20 Lektionen Deutschkurs pro Woche kostenlos (Standardkurs). Jetzt mehr erfahren!","twitter_misc":{"Gesch\u00e4tzte Lesezeit":"3 Minuten"},"schema":{"@context":"https:\/\/schema.org","@graph":[{"@type":"WebPage","@id":"https:\/\/www.bws-germanlingua.de\/de\/praktikum\/","url":"https:\/\/www.bws-germanlingua.de\/de\/praktikum\/","name":"Verbinde Dein Praktikum bei BWS mit einem Deutschsprachkurs","isPartOf":{"@id":"https:\/\/www.bws-germanlingua.de\/de\/#website"},"datePublished":"2021-01-26T22:50:19+00:00","dateModified":"2025-09-19T08:32:35+00:00","description":"BWS Germanlingua bietet Praktika f\u00fcr bis zu drei Monate an. Du erh\u00e4ltst 20 Lektionen Deutschkurs pro Woche kostenlos (Standardkurs). Jetzt mehr erfahren!","breadcrumb":{"@id":"https:\/\/www.bws-germanlingua.de\/de\/praktikum\/#breadcrumb"},"inLanguage":"de-DE","potentialAction":[{"@type":"ReadAction","target":["https:\/\/www.bws-germanlingua.de\/de\/praktikum\/"]}]},{"@type":"BreadcrumbList","@id":"https:\/\/www.bws-germanlingua.de\/de\/praktikum\/#breadcrumb","itemListElement":[{"@type":"ListItem","position":1,"name":"Startseite","item":"https:\/\/www.bws-germanlingua.de\/de\/"},{"@type":"ListItem","position":2,"name":"Praktikum"}]},{"@type":"WebSite","@id":"https:\/\/www.bws-germanlingua.de\/de\/#website","url":"https:\/\/www.bws-germanlingua.de\/de\/","name":"BWS Germanlingua DE","description":"German courses in Germany","potentialAction":[{"@type":"SearchAction","target":{"@type":"EntryPoint","urlTemplate":"https:\/\/www.bws-germanlingua.de\/de\/?s={search_term_string}"},"query-input":{"@type":"PropertyValueSpecification","valueRequired":true,"valueName":"search_term_string"}}],"inLanguage":"de-DE"}]}},"_links":{"self":[{"href":"https:\/\/www.bws-germanlingua.de\/de\/wp-json\/wp\/v2\/pages\/611","targetHints":{"allow":["GET"]}}],"collection":[{"href":"https:\/\/www.bws-germanlingua.de\/de\/wp-json\/wp\/v2\/pages"}],"about":[{"href":"https:\/\/www.bws-germanlingua.de\/de\/wp-json\/wp\/v2\/types\/page"}],"author":[{"embeddable":true,"href":"https:\/\/www.bws-germanlingua.de\/de\/wp-json\/wp\/v2\/users\/3"}],"replies":[{"embeddable":true,"href":"https:\/\/www.bws-germanlingua.de\/de\/wp-json\/wp\/v2\/comments?post=611"}],"version-history":[{"count":0,"href":"https:\/\/www.bws-germanlingua.de\/de\/wp-json\/wp\/v2\/pages\/611\/revisions"}],"wp:attachment":[{"href":"https:\/\/www.bws-germanlingua.de\/de\/wp-json\/wp\/v2\/media?parent=611"}],"curies":[{"name":"wp","href":"https:\/\/api.w.org\/{rel}","templated":true}]}}