{"id":6619,"date":"2026-04-09T14:15:05","date_gmt":"2026-04-09T14:15:05","guid":{"rendered":"https:\/\/www.bws-germanlingua.de\/de\/?page_id=6619"},"modified":"2026-04-15T12:24:56","modified_gmt":"2026-04-15T12:24:56","slug":"barrierefreiheit","status":"publish","type":"page","link":"https:\/\/www.bws-germanlingua.de\/de\/barrierefreiheit\/","title":{"rendered":"Barrierefreiheit"},"content":{"rendered":"<p>[et_pb_section fb_built=&#8221;1&#8243; admin_label=&#8221;Barrierefreiheit&#8221; module_id=&#8221;wrapper_01_imprint&#8221; module_class=&#8221;wrapper_01_imprint&#8221; _builder_version=&#8221;4.27.4&#8243; _module_preset=&#8221;default&#8221; global_colors_info=&#8221;{}&#8221;][et_pb_row admin_label=&#8221;Barrierefreiheit&#8221; module_id=&#8221;wrapper_02_imprint&#8221; module_class=&#8221;wrapper_02_imprint&#8221; _builder_version=&#8221;4.16&#8243; _module_preset=&#8221;default&#8221; global_colors_info=&#8221;{}&#8221;][et_pb_column type=&#8221;4_4&#8243; _builder_version=&#8221;4.16&#8243; _module_preset=&#8221;default&#8221; global_colors_info=&#8221;{}&#8221;][et_pb_text admin_label=&#8221;Barrierefreiheit&#8221; module_id=&#8221;wrapper_01_imprint&#8221; module_class=&#8221;wrapper_01_imprint&#8221; _builder_version=&#8221;4.27.4&#8243; _module_preset=&#8221;default&#8221; hover_enabled=&#8221;0&#8243; global_colors_info=&#8221;{}&#8221; sticky_enabled=&#8221;0&#8243;]<\/p>\n<h1>Barrierefreiheit von BWS Germanlingua<\/h1>\n<h4><strong>Informationen f\u00fcr Menschen mit Gehbehinderungen und Rollstuhlfahrer*innen <\/strong><\/h4>\n<h5><strong>An Sprachschule BWS Germanlingua Berlin<\/strong><\/h5>\n<h6><strong>Anbindung an \u00f6ffentliche Verkehrsmittel:<\/strong><\/h6>\n<p>Die n\u00e4chstgelegenen Haltestellen sind:<\/p>\n<ul>\n<li style=\"font-weight: 400\">Marienburger Stra\u00dfe (M2)<\/li>\n<li style=\"font-weight: 400\">Winsstra\u00dfe (M10)<\/li>\n<li style=\"font-weight: 400\">Hufelandstra\u00dfe (M10)<\/li>\n<\/ul>\n<p>Alle Haltestellen sind in ca. 5\u201310 Minuten zu Fu\u00df erreichbar.<\/p>\n<h6 data-start=\"861\" data-end=\"929\"><strong data-start=\"861\" data-end=\"884\">Zugang zum Geb\u00e4ude:<\/strong><\/h6>\n<ul data-start=\"930\" data-end=\"1078\">\n<li data-section-id=\"1tverpy\" data-start=\"930\" data-end=\"987\">Die Schule befindet sich im Erdgeschoss.<\/li>\n<li data-section-id=\"1tverpy\" data-start=\"930\" data-end=\"987\">Am Eingang zum Hauptgeb\u00e4ude ist eine Stufe vorhanden.<\/li>\n<li data-section-id=\"16cjgqx\" data-start=\"988\" data-end=\"1047\">Am Eingang des Nebengeb\u00e4udes befinden sich drei Stufen.<\/li>\n<li data-section-id=\"bttmso\" data-start=\"1048\" data-end=\"1078\">Rampen sind nicht vorhanden.<\/li>\n<\/ul>\n<h6 data-start=\"1085\" data-end=\"1119\"><strong data-start=\"1085\" data-end=\"1117\">Zugang innerhalb der Schule:<\/strong><\/h6>\n<ul data-start=\"1120\" data-end=\"1258\">\n<li data-section-id=\"1yhr3zw\" data-start=\"1120\" data-end=\"1168\">Die meisten R\u00e4ume sind stufenlos zug\u00e4nglich.<\/li>\n<li data-section-id=\"wm2gn5\" data-start=\"1169\" data-end=\"1258\">Ausnahme: Der Unterrichtsraum \u201eHamburg\u201c im Hauptgeb\u00e4ude ist nicht stufenlos erreichbar. (2 Stufen)<\/li>\n<\/ul>\n<h6 data-start=\"1265\" data-end=\"1292\"><strong data-start=\"1265\" data-end=\"1290\">T\u00fcren und Durchg\u00e4nge:<\/strong><\/h6>\n<ul data-start=\"1293\" data-end=\"1506\">\n<li data-section-id=\"xz52p\" data-start=\"1293\" data-end=\"1388\">Die meisten T\u00fcren sind ca. 80\u201390 cm breit und somit f\u00fcr Rollst\u00fchle und Rollatoren geeignet.<\/li>\n<li data-section-id=\"17eh3nb\" data-start=\"1389\" data-end=\"1506\">Im Flur des Hauptgeb\u00e4udes gibt es zwei Durchg\u00e4nge mit einer Breite von ca. 80\u201385 cm, die ebenfalls passierbar sind.<\/li>\n<li data-section-id=\"17eh3nb\" data-start=\"1389\" data-end=\"1506\">Es ist keine automatische T\u00fcr\u00f6ffnung vorhanden.<\/li>\n<\/ul>\n<h6><strong data-start=\"1513\" data-end=\"1534\">Sanit\u00e4re Anlagen:<\/strong><\/h6>\n<ul data-start=\"410\" data-end=\"673\">\n<li data-section-id=\"10cryhk\" data-start=\"491\" data-end=\"535\">Die Toiletten sind nicht barrierefrei ausgestattet.<\/li>\n<li data-section-id=\"10cryhk\" data-start=\"491\" data-end=\"535\">Die T\u00fcrbreite betr\u00e4gt ca. 69 cm und ist damit f\u00fcr Rollst\u00fchle nicht geeignet.<\/li>\n<li data-section-id=\"10cryhk\" data-start=\"491\" data-end=\"535\">Auch der Innenraum ist schmal gestaltet.<\/li>\n<li data-section-id=\"15retgn\" data-start=\"536\" data-end=\"610\">Der Abstand zwischen Waschbecken und Wand betr\u00e4gt ebenfalls ca. 69 cm. (Durchgang zur Toilette)<\/li>\n<\/ul>\n<h5><strong>An Sprachschule BWS Germanlingua K\u00f6ln<\/strong><\/h5>\n<h6><strong>Anbindung an \u00f6ffentliche Verkehrsmittel:<\/strong><\/h6>\n<ul>\n<li data-section-id=\"1tverpy\" data-start=\"930\" data-end=\"987\">Die n\u00e4chstgelegene Haltestelle ist Friesenplatz (U-Bahn), ca. 1\u20132 Gehminuten entfernt.<\/li>\n<\/ul>\n<h6 data-start=\"861\" data-end=\"929\"><strong data-start=\"861\" data-end=\"884\">Zugang zum Geb\u00e4ude:<\/strong><\/h6>\n<ul data-start=\"930\" data-end=\"1078\">\n<li data-section-id=\"1tverpy\" data-start=\"930\" data-end=\"987\">Die Schule befindet sich im 2. Obergeschoss und ist sowohl \u00fcber Treppen als auch \u00fcber einen Aufzug erreichbar.<\/li>\n<li data-section-id=\"16cjgqx\" data-start=\"988\" data-end=\"1047\">Am Haupteingang befinden sich 4\u20135 Stufen.<\/li>\n<li data-section-id=\"16cjgqx\" data-start=\"988\" data-end=\"1047\">Rampen sind nicht vorhanden.<\/li>\n<li data-section-id=\"16cjgqx\" data-start=\"988\" data-end=\"1047\">Eine Rampe ist nicht vorhanden.<\/li>\n<\/ul>\n<h6 data-start=\"1085\" data-end=\"1119\"><strong data-start=\"1085\" data-end=\"1117\">Zugang innerhalb der Schule:<\/strong><\/h6>\n<ul data-start=\"1120\" data-end=\"1258\">\n<li data-section-id=\"1yhr3zw\" data-start=\"1120\" data-end=\"1168\">Die R\u00e4ume sind stufenlos zug\u00e4nglich.<\/li>\n<\/ul>\n<h6 data-start=\"1265\" data-end=\"1292\"><strong data-start=\"1265\" data-end=\"1290\">T\u00fcren und Durchg\u00e4nge:<\/strong><\/h6>\n<ul data-start=\"1293\" data-end=\"1506\">\n<li data-section-id=\"xz52p\" data-start=\"1293\" data-end=\"1388\">Alle Unterrichtsr\u00e4ume in der Schule sind mindestens 80 cm breit, die Hauptt\u00fcr zur Schule ist 87 cm breit.<\/li>\n<li data-section-id=\"xz52p\" data-start=\"1293\" data-end=\"1388\">Es ist keine automatische T\u00fcr\u00f6ffnung vorhanden.<\/li>\n<\/ul>\n<h6><strong data-start=\"1513\" data-end=\"1534\">Sanit\u00e4re Anlagen:<\/strong><\/h6>\n<ul data-start=\"410\" data-end=\"673\">\n<li data-section-id=\"1b34mvb\" data-start=\"410\" data-end=\"490\">\n<p data-start=\"355\" data-end=\"408\">Die Toiletten sind nicht barrierefrei ausgestattet.<\/p>\n<\/li>\n<li data-section-id=\"1b34mvb\" data-start=\"410\" data-end=\"490\">\n<p data-start=\"355\" data-end=\"408\">Die T\u00fcrbreite betr\u00e4gt ca. 67 cm und ist damit f\u00fcr Rollst\u00fchle nicht geeignet.<\/p>\n<\/li>\n<li data-section-id=\"1b34mvb\" data-start=\"410\" data-end=\"490\">In der Toilette ist jedoch Platz f\u00fcr 2 Personen<\/li>\n<\/ul>\n<h5><strong>An Sprachschule BWS Germanlingua M\u00fcnchen<\/strong><\/h5>\n<h6><strong>Anbindung an \u00f6ffentliche Verkehrsmittel:<\/strong><\/h6>\n<ul>\n<li>Die n\u00e4chstgelegenen Haltestellen sind Karlsplatz (Stachus), Sendlinger Tor, Marienplatz und Reichenbachplatz (U-Bahn, S-Bahn, Tram und Bus).<\/li>\n<li>Die Schule ist von dort in etwa 10 Gehminuten erreichbar.<\/li>\n<\/ul>\n<h6 data-start=\"861\" data-end=\"929\"><strong data-start=\"861\" data-end=\"884\">Zugang zum Geb\u00e4ude:<\/strong><span style=\"font-size: 16px\">.<\/span><\/h6>\n<ul data-start=\"930\" data-end=\"1078\">\n<li data-section-id=\"16cjgqx\" data-start=\"988\" data-end=\"1047\">Die Schule befindet sich im 2. Obergeschoss und ist sowohl \u00fcber Treppen als auch \u00fcber einen Aufzug erreichbar.<\/li>\n<li data-section-id=\"16cjgqx\" data-start=\"988\" data-end=\"1047\">Am Geb\u00e4udeeingang befinden sich Stufen.<\/li>\n<li data-section-id=\"16cjgqx\" data-start=\"988\" data-end=\"1047\">Daher ist das Geb\u00e4ude nicht vollst\u00e4ndig barrierefrei.<\/li>\n<li data-section-id=\"16cjgqx\" data-start=\"988\" data-end=\"1047\">Eine Rampe am Eingang ist vorhanden, jedoch relativ schmal und m\u00f6glicherweise nicht f\u00fcr alle Rollst\u00fchle geeignet.<\/li>\n<\/ul>\n<h6 data-start=\"1085\" data-end=\"1119\"><strong data-start=\"1085\" data-end=\"1117\">Zugang innerhalb der Schule:<\/strong><\/h6>\n<ul data-start=\"1120\" data-end=\"1258\">\n<li data-section-id=\"1yhr3zw\" data-start=\"1120\" data-end=\"1168\">Die R\u00e4ume sind stufenlos zug\u00e4nglich.<\/li>\n<\/ul>\n<h6 data-start=\"1265\" data-end=\"1292\"><strong data-start=\"1265\" data-end=\"1290\">T\u00fcren und Durchg\u00e4nge:<\/strong><\/h6>\n<ul data-start=\"1293\" data-end=\"1506\">\n<li data-section-id=\"xz52p\" data-start=\"1293\" data-end=\"1388\">Es ist keine automatische T\u00fcr\u00f6ffnung vorhanden.<\/li>\n<\/ul>\n<h6><strong data-start=\"1513\" data-end=\"1534\">Sanit\u00e4re Anlagen:<\/strong><\/h6>\n<ul>\n<li data-start=\"355\" data-end=\"408\">Die Toiletten sind nicht barrierefrei ausgestattet.<\/li>\n<\/ul>\n<h4><span role=\"text\"><strong data-start=\"294\" data-end=\"366\">Informationen f\u00fcr Menschen mit Sehbehinderungen oder blinde Menschen<\/strong><\/span><\/h4>\n<ul>\n<li data-section-id=\"r3gtys\" data-start=\"431\" data-end=\"497\">Alle Bereiche sind gut beleuchtet (hell, aber nicht blendend).<\/li>\n<li data-section-id=\"1chfe73\" data-start=\"505\" data-end=\"579\">Wichtige Informationen k\u00f6nnen auf Anfrage m\u00fcndlich erkl\u00e4rt werden.<\/li>\n<li data-section-id=\"tr4kcv\" data-start=\"498\" data-end=\"596\">Beschilderungen sind in gro\u00dfer, gut lesbarer Schrift mit ausreichendem Farbkontrast gestaltet.<\/li>\n<li data-section-id=\"uzv5cl\" data-start=\"597\" data-end=\"684\">Es stehen keine Informationen in Brailleschrift oder tastbarer Schrift zur Verf\u00fcgung<\/li>\n<\/ul>\n<h4><strong>Informationen f\u00fcr Menschen mit H\u00f6rbehinderungen oder geh\u00f6rlose Menschen<\/strong><\/h4>\n<ul>\n<li data-section-id=\"jy6d0y\" data-start=\"1001\" data-end=\"1099\">Sitzpl\u00e4tze im Unterricht k\u00f6nnen so gew\u00e4hlt werden, dass gute Sicht auf Lehrkr\u00e4fte besteht.<\/li>\n<li data-section-id=\"1ac6k6z\" data-start=\"1337\" data-end=\"1405\">Es wird auf eine ruhige Lernumgebung geachtet (soweit wie m\u00f6glich)<\/li>\n<li data-section-id=\"1ac6k6z\" data-start=\"1337\" data-end=\"1405\">Es sind keine induktiven H\u00f6ranlagen vorhanden.<\/li>\n<li data-section-id=\"1ac6k6z\" data-start=\"1337\" data-end=\"1405\">Mitarbeitende sind offen f\u00fcr schriftliche Kommunikation (z. B. per Smartphone oder Notiz).<\/li>\n<\/ul>\n<h4 data-start=\"137\" data-end=\"171\"><strong data-start=\"137\" data-end=\"171\">Erkl\u00e4rung zur Barrierefreiheit<\/strong><\/h4>\n<p data-start=\"137\" data-end=\"171\">Im Rahmen unserer Barrierefreiheitserkl\u00e4rung m\u00f6chten wir Ihnen einen \u00dcberblick \u00fcber den Stand der Vereinbarkeit der unten beschriebenen Dienstleistung(en) mit den Anforderungen der Barrierefreiheit nach den gesetzlichen Vorschriften (insbesondere dem Barrierefreiheitsst\u00e4rkungsgesetz \u2013 BFSG) geben.<\/p>\n<h4 data-start=\"608\" data-end=\"654\"><strong data-start=\"608\" data-end=\"654\">Allgemeine Beschreibung der Dienstleistung<\/strong><\/h4>\n<p data-start=\"656\" data-end=\"819\">Buchung von Kursen f\u00fcr Deutsch als Fremdsprache f\u00fcr Erwachsene und Jugendliche an den Standorten Berlin, M\u00fcnchen und K\u00f6ln \u00fcber die Website <a data-start=\"795\" data-end=\"818\" rel=\"noopener\" target=\"_new\" class=\"decorated-link cursor-pointer\">www.bws-germanlingua.de.<\/a><\/p>\n<h4><strong>Angaben zum Dienstleistungserbringer<\/strong><\/h4>\n<p>BWS Germanlingua, Hackenstra\u00dfe 7, 80331, M\u00fcnchen, Deutschland.<\/p>\n<p>BWS Germanlingua, Winsstra\u00dfe 57, 10405, Berlin, Deutschland.<\/p>\n<p>BWS Germanlingua, Hohenzollernring 88, 50672, K\u00f6ln, Deutschland.<\/p>\n<h4><strong>Erl\u00e4uterungen zur Durchf\u00fchrung der Dienstleistung<\/strong><\/h4>\n<ul>\n<li>BWS Germanlingua bietet Deutschkurse f\u00fcr Erwachsene und Jugendliche ab 16 Jahren an den Standorten Berlin, M\u00fcnchen und K\u00f6ln an.<\/li>\n<li data-start=\"425\" data-end=\"569\">Interessierte k\u00f6nnen sich \u00fcber die Website \u00fcber das Kursangebot, Kursformate, Starttermine und Preise informieren und Sprachkurse online buchen.<\/li>\n<li data-start=\"571\" data-end=\"769\">Nach erfolgreicher Buchung erhalten Teilnehmende eine Buchungsbest\u00e4tigung sowie weitere Informationen zum Kursablauf und zu organisatorischen Details.<\/li>\n<li data-start=\"771\" data-end=\"877\">Der Unterricht findet in Pr\u00e4senz in den Schulr\u00e4umen von BWS Germanlingua statt.<\/li>\n<li data-start=\"879\" data-end=\"996\">Vor Kursbeginn erfolgt bei Bedarf eine sprachliche Einstufung (online), um Teilnehmende dem passenden Sprachniveau zuzuordnen.<\/li>\n<li data-start=\"998\" data-end=\"1111\">W\u00e4hrend des Aufenthalts stehen Mitarbeitende vor Ort f\u00fcr organisatorische Fragen und Unterst\u00fctzung zur Verf\u00fcgung.<\/li>\n<\/ul>\n<h4><span role=\"text\"><strong data-start=\"1427\" data-end=\"1476\">Stand der Vereinbarkeit mit den Anforderungen<\/strong><\/span><\/h4>\n<ul>\n<li data-start=\"1478\" data-end=\"1603\">Die Dienstleistungen von BWS Germanlingua sind derzeit teilweise mit den Anforderungen an die Barrierefreiheit vereinbar.<\/li>\n<li data-start=\"1605\" data-end=\"1745\">Dies betrifft sowohl die digitale Bereitstellung von Informationen \u00fcber die Website als auch die bauliche Zug\u00e4nglichkeit der Schulstandorte.<\/li>\n<li data-start=\"1747\" data-end=\"1896\">Einige Bereiche und Inhalte sind aufgrund baulicher Gegebenheiten oder technischer Einschr\u00e4nkungen derzeit nicht vollst\u00e4ndig barrierefrei zug\u00e4nglich.<\/li>\n<li data-start=\"1898\" data-end=\"2036\">BWS Germanlingua ist bem\u00fcht, bestehende Barrieren im Rahmen der technischen und wirtschaftlichen M\u00f6glichkeiten schrittweise zu reduzieren.<\/li>\n<\/ul>\n<h4><strong>Website \/ Technische Barrierefreiheit<\/strong><\/h4>\n<ul>\n<li data-section-id=\"a4c3su\" data-start=\"591\" data-end=\"690\">Trotz unserer Bem\u00fchungen sind derzeit noch nicht alle Inhalte vollst\u00e4ndig barrierefrei zug\u00e4nglich. Dies betrifft insbesondere:<\/li>\n<li data-section-id=\"a4c3su\" data-start=\"591\" data-end=\"690\">Einige dekorative bzw. als Hintergrundbild eingebundene Grafiken enthalten keine Alternativtexte.<\/li>\n<li data-section-id=\"18bxpvr\" data-start=\"691\" data-end=\"760\">Nicht alle PDF-Dokumente sind vollst\u00e4ndig barrierefrei aufbereitet.<\/li>\n<li data-section-id=\"1huenev\" data-start=\"761\" data-end=\"861\">Einzelne Bedienelemente\/Formulare sind m\u00f6glicherweise noch nicht vollst\u00e4ndig per Tastatur nutzbar.<\/li>\n<li data-section-id=\"1r7i2li\" data-start=\"862\" data-end=\"927\">Teilweise bestehen noch Optimierungsbedarfe bei Farbkontrasten.<\/li>\n<li data-section-id=\"1coljdt\" data-start=\"928\" data-end=\"1023\">Einige eingebettete Drittanbieter-Inhalte sind m\u00f6glicherweise nicht vollst\u00e4ndig barrierefrei.<\/li>\n<\/ul>\n<h4><strong>Externe Tools<\/strong><\/h4>\n<p>F\u00fcr Buchungsprozesse und Formulare setzen wir das externe System <span class=\"hover:entity-accent entity-underline inline cursor-pointer align-baseline\"><span class=\"whitespace-normal\">Fidelo<\/span><\/span> ein. Da es sich um ein Drittanbieter-System handelt, haben wir auf dessen vollst\u00e4ndige barrierefreie Ausgestaltung nur begrenzten Einfluss.<br data-start=\"718\" data-end=\"721\" \/>Weitere Informationen: <a href=\"https:\/\/fidelo.com\/de\/accessibility.html\">https:\/\/fidelo.com\/de\/accessibility.html<\/a><\/p>\n<h4><strong data-start=\"485\" data-end=\"553\">Nicht barrierefreie Teile der Dienstleistung \u2013 Umsetzungsfristen<\/strong><\/h4>\n<p>Wir arbeiten fortlaufend daran, bestehende Barrieren zu identifizieren und zu beheben.<br data-start=\"642\" data-end=\"645\" \/>Ein genauer Zeitplan f\u00fcr die vollst\u00e4ndige Umsetzung der Ma\u00dfnahmen kann derzeit noch nicht angegeben werden.<\/p>\n<h4 data-start=\"173\" data-end=\"471\"><strong data-start=\"135\" data-end=\"181\">\u00dcberpr\u00fcfung der Barrierefreiheitserkl\u00e4rung<\/strong><\/h4>\n<p data-start=\"173\" data-end=\"471\">Datum der letzten \u00dcberpr\u00fcfung der oben genannten Leistungen hinsichtlich der Anforderungen an die Barrierefreiheit:<br data-start=\"299\" data-end=\"302\" \/>14.04.2026.<\/p>\n<h4><strong>Einsch\u00e4tzung zum Stand der Barrierefreiheit<\/strong><\/h4>\n<p>Die Einsch\u00e4tzung zum Stand der Barrierefreiheit beruht auf unserer Selbsteinsch\u00e4tzung.<\/p>\n<h4><strong>Feedbackm\u00f6glichkeit und Kontaktangaben<\/strong><\/h4>\n<p>Wenn Ihnen Barrieren auf unserer Website oder an unseren Standorten auffallen oder Sie Informationen in barrierefreier Form ben\u00f6tigen, kontaktieren Sie uns gerne:<\/p>\n<p>Adresse: Winsstra\u00dfe 57, 10405, Berlin<\/p>\n<p>E-Mail: marketing@bws-germanlingua.de<\/p>\n<p>Telefon: (030) 280 939 33<\/p>\n<p>Link zur Website: <a href=\"www.bws-germanlingua.de\">www.bws-germanlingua.de<\/a><\/p>\n<p>[\/et_pb_text][\/et_pb_column][\/et_pb_row][\/et_pb_section]<\/p>\n","protected":false},"excerpt":{"rendered":"<p>Barrierefreiheit von BWS Germanlingua Informationen f\u00fcr Menschen mit Gehbehinderungen und Rollstuhlfahrer*innen An Sprachschule BWS Germanlingua Berlin Anbindung an \u00f6ffentliche Verkehrsmittel: Die n\u00e4chstgelegenen Haltestellen sind: Marienburger Stra\u00dfe (M2) Winsstra\u00dfe (M10) Hufelandstra\u00dfe (M10) Alle Haltestellen sind in ca. 5\u201310 Minuten zu Fu\u00df erreichbar. Zugang zum Geb\u00e4ude: Die Schule befindet sich im Erdgeschoss. Am Eingang zum Hauptgeb\u00e4ude ist [&hellip;]<\/p>\n","protected":false},"author":9,"featured_media":0,"parent":0,"menu_order":0,"comment_status":"closed","ping_status":"closed","template":"","meta":{"_et_pb_use_builder":"on","_et_pb_old_content":"","_et_gb_content_width":"","footnotes":""},"class_list":["post-6619","page","type-page","status-publish","hentry"],"yoast_head":"<!-- This site is optimized with the Yoast SEO plugin v27.5 - https:\/\/yoast.com\/product\/yoast-seo-wordpress\/ -->\n<title>Barrierefreiheit - BWS Germanlingua DE<\/title>\n<meta name=\"description\" content=\"BWS Germanlingua - Allgemeine Gesch\u00e4ftsbedingungen: Anmeldung und Zahlung des Schulgeldes, Kaution, Stornierung und \u00c4nderungen etc.\" \/>\n<meta name=\"robots\" content=\"index, follow, max-snippet:-1, max-image-preview:large, max-video-preview:-1\" \/>\n<link rel=\"canonical\" href=\"https:\/\/www.bws-germanlingua.de\/de\/barrierefreiheit\/\" \/>\n<meta property=\"og:locale\" content=\"de_DE\" \/>\n<meta property=\"og:type\" content=\"article\" \/>\n<meta property=\"og:title\" content=\"Barrierefreiheit - BWS Germanlingua DE\" \/>\n<meta property=\"og:description\" content=\"BWS Germanlingua - Allgemeine Gesch\u00e4ftsbedingungen: Anmeldung und Zahlung des Schulgeldes, Kaution, Stornierung und \u00c4nderungen etc.\" \/>\n<meta property=\"og:url\" content=\"https:\/\/www.bws-germanlingua.de\/de\/barrierefreiheit\/\" \/>\n<meta property=\"og:site_name\" content=\"BWS Germanlingua DE\" \/>\n<meta property=\"article:modified_time\" content=\"2026-04-15T12:24:56+00:00\" \/>\n<meta name=\"twitter:card\" content=\"summary_large_image\" \/>\n<meta name=\"twitter:label1\" content=\"Gesch\u00e4tzte Lesezeit\" \/>\n\t<meta name=\"twitter:data1\" content=\"4 Minuten\" \/>\n<script type=\"application\/ld+json\" class=\"yoast-schema-graph\">{\"@context\":\"https:\\\/\\\/schema.org\",\"@graph\":[{\"@type\":\"WebPage\",\"@id\":\"https:\\\/\\\/www.bws-germanlingua.de\\\/de\\\/barrierefreiheit\\\/\",\"url\":\"https:\\\/\\\/www.bws-germanlingua.de\\\/de\\\/barrierefreiheit\\\/\",\"name\":\"Barrierefreiheit - BWS Germanlingua DE\",\"isPartOf\":{\"@id\":\"https:\\\/\\\/www.bws-germanlingua.de\\\/de\\\/#website\"},\"datePublished\":\"2026-04-09T14:15:05+00:00\",\"dateModified\":\"2026-04-15T12:24:56+00:00\",\"description\":\"BWS Germanlingua - Allgemeine Gesch\u00e4ftsbedingungen: Anmeldung und Zahlung des Schulgeldes, Kaution, Stornierung und \u00c4nderungen etc.\",\"breadcrumb\":{\"@id\":\"https:\\\/\\\/www.bws-germanlingua.de\\\/de\\\/barrierefreiheit\\\/#breadcrumb\"},\"inLanguage\":\"de-DE\",\"potentialAction\":[{\"@type\":\"ReadAction\",\"target\":[\"https:\\\/\\\/www.bws-germanlingua.de\\\/de\\\/barrierefreiheit\\\/\"]}]},{\"@type\":\"BreadcrumbList\",\"@id\":\"https:\\\/\\\/www.bws-germanlingua.de\\\/de\\\/barrierefreiheit\\\/#breadcrumb\",\"itemListElement\":[{\"@type\":\"ListItem\",\"position\":1,\"name\":\"Startseite\",\"item\":\"https:\\\/\\\/www.bws-germanlingua.de\\\/de\\\/\"},{\"@type\":\"ListItem\",\"position\":2,\"name\":\"Barrierefreiheit\"}]},{\"@type\":\"WebSite\",\"@id\":\"https:\\\/\\\/www.bws-germanlingua.de\\\/de\\\/#website\",\"url\":\"https:\\\/\\\/www.bws-germanlingua.de\\\/de\\\/\",\"name\":\"BWS Germanlingua DE\",\"description\":\"German courses in Germany\",\"potentialAction\":[{\"@type\":\"SearchAction\",\"target\":{\"@type\":\"EntryPoint\",\"urlTemplate\":\"https:\\\/\\\/www.bws-germanlingua.de\\\/de\\\/?s={search_term_string}\"},\"query-input\":{\"@type\":\"PropertyValueSpecification\",\"valueRequired\":true,\"valueName\":\"search_term_string\"}}],\"inLanguage\":\"de-DE\"}]}<\/script>\n<!-- \/ Yoast SEO plugin. -->","yoast_head_json":{"title":"Barrierefreiheit - BWS Germanlingua DE","description":"BWS Germanlingua - Allgemeine Gesch\u00e4ftsbedingungen: Anmeldung und Zahlung des Schulgeldes, Kaution, Stornierung und \u00c4nderungen etc.","robots":{"index":"index","follow":"follow","max-snippet":"max-snippet:-1","max-image-preview":"max-image-preview:large","max-video-preview":"max-video-preview:-1"},"canonical":"https:\/\/www.bws-germanlingua.de\/de\/barrierefreiheit\/","og_locale":"de_DE","og_type":"article","og_title":"Barrierefreiheit - BWS Germanlingua DE","og_description":"BWS Germanlingua - Allgemeine Gesch\u00e4ftsbedingungen: Anmeldung und Zahlung des Schulgeldes, Kaution, Stornierung und \u00c4nderungen etc.","og_url":"https:\/\/www.bws-germanlingua.de\/de\/barrierefreiheit\/","og_site_name":"BWS Germanlingua DE","article_modified_time":"2026-04-15T12:24:56+00:00","twitter_card":"summary_large_image","twitter_misc":{"Gesch\u00e4tzte Lesezeit":"4 Minuten"},"schema":{"@context":"https:\/\/schema.org","@graph":[{"@type":"WebPage","@id":"https:\/\/www.bws-germanlingua.de\/de\/barrierefreiheit\/","url":"https:\/\/www.bws-germanlingua.de\/de\/barrierefreiheit\/","name":"Barrierefreiheit - BWS Germanlingua DE","isPartOf":{"@id":"https:\/\/www.bws-germanlingua.de\/de\/#website"},"datePublished":"2026-04-09T14:15:05+00:00","dateModified":"2026-04-15T12:24:56+00:00","description":"BWS Germanlingua - Allgemeine Gesch\u00e4ftsbedingungen: Anmeldung und Zahlung des Schulgeldes, Kaution, Stornierung und \u00c4nderungen etc.","breadcrumb":{"@id":"https:\/\/www.bws-germanlingua.de\/de\/barrierefreiheit\/#breadcrumb"},"inLanguage":"de-DE","potentialAction":[{"@type":"ReadAction","target":["https:\/\/www.bws-germanlingua.de\/de\/barrierefreiheit\/"]}]},{"@type":"BreadcrumbList","@id":"https:\/\/www.bws-germanlingua.de\/de\/barrierefreiheit\/#breadcrumb","itemListElement":[{"@type":"ListItem","position":1,"name":"Startseite","item":"https:\/\/www.bws-germanlingua.de\/de\/"},{"@type":"ListItem","position":2,"name":"Barrierefreiheit"}]},{"@type":"WebSite","@id":"https:\/\/www.bws-germanlingua.de\/de\/#website","url":"https:\/\/www.bws-germanlingua.de\/de\/","name":"BWS Germanlingua DE","description":"German courses in Germany","potentialAction":[{"@type":"SearchAction","target":{"@type":"EntryPoint","urlTemplate":"https:\/\/www.bws-germanlingua.de\/de\/?s={search_term_string}"},"query-input":{"@type":"PropertyValueSpecification","valueRequired":true,"valueName":"search_term_string"}}],"inLanguage":"de-DE"}]}},"_links":{"self":[{"href":"https:\/\/www.bws-germanlingua.de\/de\/wp-json\/wp\/v2\/pages\/6619","targetHints":{"allow":["GET"]}}],"collection":[{"href":"https:\/\/www.bws-germanlingua.de\/de\/wp-json\/wp\/v2\/pages"}],"about":[{"href":"https:\/\/www.bws-germanlingua.de\/de\/wp-json\/wp\/v2\/types\/page"}],"author":[{"embeddable":true,"href":"https:\/\/www.bws-germanlingua.de\/de\/wp-json\/wp\/v2\/users\/9"}],"replies":[{"embeddable":true,"href":"https:\/\/www.bws-germanlingua.de\/de\/wp-json\/wp\/v2\/comments?post=6619"}],"version-history":[{"count":0,"href":"https:\/\/www.bws-germanlingua.de\/de\/wp-json\/wp\/v2\/pages\/6619\/revisions"}],"wp:attachment":[{"href":"https:\/\/www.bws-germanlingua.de\/de\/wp-json\/wp\/v2\/media?parent=6619"}],"curies":[{"name":"wp","href":"https:\/\/api.w.org\/{rel}","templated":true}]}}