{"id":6634,"date":"2026-04-16T12:08:06","date_gmt":"2026-04-16T12:08:06","guid":{"rendered":"https:\/\/www.bws-germanlingua.de\/pt\/?page_id=6634"},"modified":"2026-04-16T12:17:06","modified_gmt":"2026-04-16T12:17:06","slug":"6634-2","status":"publish","type":"page","link":"https:\/\/www.bws-germanlingua.de\/pt\/6634-2\/","title":{"rendered":"Acessibilidade"},"content":{"rendered":"<p>[et_pb_section fb_built=&#8221;1&#8243; _builder_version=&#8221;4.27.4&#8243; _module_preset=&#8221;default&#8221; global_colors_info=&#8221;{}&#8221;][et_pb_row admin_label=&#8221;Barrierefreiheit&#8221; module_id=&#8221;wrapper_02_imprint&#8221; module_class=&#8221;wrapper_02_imprint&#8221; _builder_version=&#8221;4.16&#8243; _module_preset=&#8221;default&#8221; global_colors_info=&#8221;{}&#8221;][et_pb_column type=&#8221;4_4&#8243; _builder_version=&#8221;4.16&#8243; _module_preset=&#8221;default&#8221; global_colors_info=&#8221;{}&#8221;][et_pb_text admin_label=&#8221;Barrierefreiheit&#8221; module_id=&#8221;wrapper_01_imprint&#8221; module_class=&#8221;wrapper_01_imprint&#8221; _builder_version=&#8221;4.27.4&#8243; _module_preset=&#8221;default&#8221; global_colors_info=&#8221;{}&#8221;]<\/p>\n<h1>Acessibilidade na BWS Germanlingua<\/h1>\n<h4><strong>Informa\u00e7\u00f5es para Pessoas com Mobilidade Reduzida e Utilizadores de Cadeira de Rodas<\/strong><\/h4>\n<h5>Na escola de idiomas BWS Germanlingua Berlim<\/h5>\n<h6><strong>Acesso por transporte p\u00fablico:<br data-start=\"389\" data-end=\"392\" \/><\/strong><\/h6>\n<p>As paradas mais pr\u00f3ximas s\u00e3o:<\/p>\n<ul>\n<li style=\"font-weight: 400\">Marienburger Stra\u00dfe (M2)<\/li>\n<li style=\"font-weight: 400\">Winsstra\u00dfe (M10)<\/li>\n<li style=\"font-weight: 400\">Hufelandstra\u00dfe (M4)<\/li>\n<\/ul>\n<p>Todas as paradas encontram-se a aproximadamente 5\u201310 minutos a p\u00e9.<\/p>\n<h6 data-start=\"861\" data-end=\"929\"><strong data-start=\"572\" data-end=\"595\">Acesso ao edif\u00edcio:<\/strong><\/h6>\n<ul data-start=\"930\" data-end=\"1078\">\n<li data-section-id=\"1eb34vo\" data-start=\"599\" data-end=\"652\">A escola est\u00e1 localizada no t\u00e9rreo.<\/li>\n<li data-section-id=\"1wkxwz5\" data-start=\"653\" data-end=\"707\">Existe um degrau na entrada do edif\u00edcio principal.<\/li>\n<li data-section-id=\"ni1qcl\" data-start=\"708\" data-end=\"767\">Existem tr\u00eas degraus na entrada do edif\u00edcio secund\u00e1rio.<\/li>\n<li data-section-id=\"oy4z4q\" data-start=\"768\" data-end=\"796\">N\u00e3o h\u00e1 rampas dispon\u00edveis.<\/li>\n<\/ul>\n<h6 data-start=\"1085\" data-end=\"1119\"><strong data-start=\"803\" data-end=\"831\">Acesso dentro da escola:<\/strong><\/h6>\n<ul data-start=\"1120\" data-end=\"1258\">\n<li data-section-id=\"1yhr3zw\" data-start=\"1120\" data-end=\"1168\">A maioria das salas \u00e9 acess\u00edvel sem degraus.<\/li>\n<li data-section-id=\"72mtn2\" data-start=\"884\" data-end=\"984\">Exce\u00e7\u00e3o: A sala de aula \u201cHamburg\u201d, no edif\u00edcio principal, n\u00e3o \u00e9 acess\u00edvel sem degraus (2 degraus).<\/li>\n<\/ul>\n<h6 data-start=\"1265\" data-end=\"1292\"><strong data-start=\"991\" data-end=\"1014\">Portas e passagens:<\/strong><\/h6>\n<ul data-start=\"1293\" data-end=\"1506\">\n<li data-section-id=\"xz52p\" data-start=\"1293\" data-end=\"1388\">A maioria das portas tem aproximadamente 80\u201390 cm de largura e \u00e9 adequada para cadeiras de rodas e andarilhos.<\/li>\n<li data-section-id=\"f7mcwf\" data-start=\"1133\" data-end=\"1254\">No corredor do edif\u00edcio principal existem duas passagens com largura aproximada de 80\u201385 cm.<\/li>\n<li data-section-id=\"iyfixl\" data-start=\"1255\" data-end=\"1309\">N\u00e3o existe sistema autom\u00e1tico de abertura de portas.<\/li>\n<\/ul>\n<h6><strong data-start=\"1316\" data-end=\"1343\">Instala\u00e7\u00f5es sanit\u00e1rias:<\/strong><\/h6>\n<ul data-start=\"410\" data-end=\"673\">\n<li data-section-id=\"10cryhk\" data-start=\"491\" data-end=\"535\">As casas de banho n\u00e3o est\u00e3o adaptadas para acessibilidade.<\/li>\n<li data-section-id=\"bmvodl\" data-start=\"1410\" data-end=\"1511\">A largura da porta \u00e9 de aproximadamente 69 cm e, por isso, n\u00e3o \u00e9 adequada para cadeiras de rodas.<\/li>\n<li data-section-id=\"1utpwsf\" data-start=\"1512\" data-end=\"1552\">O espa\u00e7o interior tamb\u00e9m \u00e9 reduzido.<\/li>\n<li data-section-id=\"xvcfps\" data-start=\"1553\" data-end=\"1648\">A dist\u00e2ncia entre a pia e a parede \u00e9 de aproximadamente 69 cm .<\/li>\n<\/ul>\n<h4 data-section-id=\"rk5ett\" data-start=\"97\" data-end=\"145\"><strong>Na escola de idiomas BWS Germanlingua Col\u00f4nia<\/strong><\/h4>\n<p data-start=\"147\" data-end=\"183\"><strong style=\"font-size: 1.1em\"><span role=\"text\"><strong data-start=\"169\" data-end=\"203\">Acesso por transporte p\u00fablico:<\/strong><\/span><\/strong><\/p>\n<ul>\n<li>A parada mais pr\u00f3xima \u00e9 Friesenplatz (metr\u00f4\/U-Bahn), localizada a aproximadamente 1\u20132 minutos a p\u00e9.<\/li>\n<\/ul>\n<h6 data-start=\"861\" data-end=\"929\"><strong data-start=\"861\" data-end=\"884\"><span role=\"text\">Acesso ao edif\u00edcio:<\/span><\/strong><\/h6>\n<ul data-start=\"930\" data-end=\"1078\">\n<li data-section-id=\"1tverpy\" data-start=\"930\" data-end=\"987\">A escola est\u00e1 localizada no 2\u00ba andar e pode ser acessada tanto por escadas quanto por elevador.<\/li>\n<li data-section-id=\"9pu6xm\" data-start=\"451\" data-end=\"495\">H\u00e1 4\u20135 degraus na entrada principal.<\/li>\n<li data-section-id=\"ihud0a\" data-start=\"496\" data-end=\"528\">N\u00e3o h\u00e1 rampas dispon\u00edveis.<\/li>\n<\/ul>\n<h6 data-start=\"1085\" data-end=\"1119\"><strong data-start=\"1085\" data-end=\"1117\"><span role=\"text\">Acesso dentro da escola:<\/span><\/strong><\/h6>\n<ul data-start=\"1120\" data-end=\"1258\">\n<li data-section-id=\"1yhr3zw\" data-start=\"1120\" data-end=\"1168\">As salas s\u00e3o acess\u00edveis sem degraus.<\/li>\n<\/ul>\n<h6 data-start=\"1265\" data-end=\"1292\"><strong data-start=\"559\" data-end=\"582\">Portas e passagens:<\/strong><\/h6>\n<ul data-start=\"1293\" data-end=\"1506\">\n<li data-section-id=\"xz52p\" data-start=\"1293\" data-end=\"1388\">Todas as salas de aula possuem largura m\u00ednima de 80 cm; a porta principal da escola possui 87 cm de largura.<\/li>\n<li data-section-id=\"1gewsdk\" data-start=\"752\" data-end=\"802\">N\u00e3o h\u00e1 sistema de abertura autom\u00e1tica de portas.<\/li>\n<\/ul>\n<h6><strong data-start=\"1513\" data-end=\"1534\"><span role=\"text\">Instala\u00e7\u00f5es sanit\u00e1rias:<\/span><\/strong><\/h6>\n<ul data-start=\"410\" data-end=\"673\">\n<li data-section-id=\"1b34mvb\" data-start=\"410\" data-end=\"490\">Os banheiros n\u00e3o s\u00e3o adaptados para acessibilidade.<\/li>\n<li data-section-id=\"12coz48\" data-start=\"896\" data-end=\"998\">A largura da porta \u00e9 de aproximadamente 67 cm, portanto n\u00e3o \u00e9 adequada para cadeiras de rodas.<\/li>\n<li data-section-id=\"rlyk5x\" data-start=\"999\" data-end=\"1070\">No interior do banheiro h\u00e1 espa\u00e7o para aproximadamente 2 pessoas.<\/li>\n<\/ul>\n<h5><strong><span role=\"text\">Na escola de idiomas BWS Germanlingua Munique<\/span><\/strong><\/h5>\n<h6><strong><span role=\"text\">Acesso por transporte p\u00fablico:<\/span><\/strong><\/h6>\n<ul>\n<li>As paradas mais pr\u00f3ximas s\u00e3o Karlsplatz (Stachus), Sendlinger Tor, Marienplatz e Reichenbachplatz<br data-start=\"1273\" data-end=\"1276\" \/>(metr\u00f4\/U-Bahn, trem urbano\/S-Bahn, bonde e \u00f4nibus).<\/li>\n<li data-section-id=\"1ino9ut\" data-start=\"1336\" data-end=\"1406\">A escola fica a aproximadamente 10 minutos a p\u00e9 dessas esta\u00e7\u00f5es.<\/li>\n<\/ul>\n<h6 data-start=\"861\" data-end=\"929\"><strong data-start=\"861\" data-end=\"884\"><span style=\"font-size: 16px\">Acesso ao edif\u00edcio:<\/span><\/strong><\/h6>\n<ul data-start=\"930\" data-end=\"1078\">\n<li data-section-id=\"16cjgqx\" data-start=\"988\" data-end=\"1047\">A escola est\u00e1 localizada no 2\u00ba andar e pode ser acessada tanto por escadas quanto por elevador.<\/li>\n<li data-section-id=\"h2xffb\" data-start=\"209\" data-end=\"247\">H\u00e1 degraus na entrada do edif\u00edcio.<\/li>\n<li data-section-id=\"plg6ga\" data-start=\"248\" data-end=\"313\">Portanto, o edif\u00edcio n\u00e3o \u00e9 totalmente acess\u00edvel\/barrierefrei.<\/li>\n<li data-section-id=\"1av6llh\" data-start=\"314\" data-end=\"432\">H\u00e1 uma rampa na entrada, por\u00e9m ela \u00e9 relativamente estreita e pode n\u00e3o ser adequada para todas as cadeiras de rodas.<\/li>\n<\/ul>\n<h6 data-start=\"1085\" data-end=\"1119\"><strong data-start=\"1085\" data-end=\"1117\"><span role=\"text\">Acesso dentro da escola:<\/span><\/strong><\/h6>\n<ul data-start=\"1120\" data-end=\"1258\">\n<li data-section-id=\"1yhr3zw\" data-start=\"1120\" data-end=\"1168\">Os espa\u00e7os s\u00e3o acess\u00edveis sem degraus.<\/li>\n<\/ul>\n<h6 data-start=\"1265\" data-end=\"1292\"><strong data-start=\"1265\" data-end=\"1290\"><span role=\"text\">Portas e passagens:<\/span><\/strong><\/h6>\n<ul data-start=\"1293\" data-end=\"1506\">\n<li data-section-id=\"xz52p\" data-start=\"1293\" data-end=\"1388\">N\u00e3o h\u00e1 sistema de abertura autom\u00e1tica de portas.<\/li>\n<\/ul>\n<h6><strong data-start=\"1513\" data-end=\"1534\"><span role=\"text\">Instala\u00e7\u00f5es sanit\u00e1rias:<\/span><\/strong><\/h6>\n<ul>\n<li data-start=\"355\" data-end=\"408\">Os banheiros n\u00e3o s\u00e3o adaptados para acessibilidade.<\/li>\n<\/ul>\n<h4><span role=\"text\"><strong data-start=\"294\" data-end=\"366\">Informa\u00e7\u00f5es para pessoas com defici\u00eancia visual ou pessoas cegas<\/strong><\/span><\/h4>\n<ul>\n<li data-section-id=\"r3gtys\" data-start=\"431\" data-end=\"497\">Todas as \u00e1reas s\u00e3o bem iluminadas (claras, mas sem ofuscamento).<\/li>\n<li data-section-id=\"g83u4m\" data-start=\"218\" data-end=\"300\">Informa\u00e7\u00f5es importantes podem ser explicadas verbalmente mediante solicita\u00e7\u00e3o.<\/li>\n<li data-section-id=\"gghzly\" data-start=\"301\" data-end=\"386\">A sinaliza\u00e7\u00e3o utiliza letras grandes, leg\u00edveis e com contraste de cores adequado.<\/li>\n<li data-section-id=\"1wifr8m\" data-start=\"387\" data-end=\"450\">N\u00e3o h\u00e1 informa\u00e7\u00f5es dispon\u00edveis em braile ou em escrita t\u00e1til.<\/li>\n<\/ul>\n<h4><strong><span role=\"text\">Informa\u00e7\u00f5es para pessoas com defici\u00eancia auditiva ou pessoas surdas<\/span><\/strong><\/h4>\n<ul>\n<li data-section-id=\"jy6d0y\" data-start=\"1001\" data-end=\"1099\">Os assentos nas salas de aula podem ser escolhidos de forma a garantir boa visibilidade dos professores.<\/li>\n<li data-section-id=\"d7pel6\" data-start=\"641\" data-end=\"722\">Procura-se manter um ambiente de aprendizagem tranquilo, sempre que poss\u00edvel.<\/li>\n<li data-section-id=\"1v3d8ss\" data-start=\"723\" data-end=\"790\">N\u00e3o h\u00e1 sistema de audi\u00e7\u00e3o assistida \/ la\u00e7o indutivo dispon\u00edvel.<\/li>\n<li data-section-id=\"l9g1le\" data-start=\"791\" data-end=\"890\">A equipe est\u00e1 dispon\u00edvel para comunica\u00e7\u00e3o por escrito (por exemplo, via smartphone ou anota\u00e7\u00f5es).<\/li>\n<\/ul>\n<h4 data-start=\"137\" data-end=\"171\"><strong data-start=\"137\" data-end=\"171\"><span role=\"text\">Declara\u00e7\u00e3o de Acessibilidade<\/span><\/strong><\/h4>\n<p data-start=\"137\" data-end=\"171\">No \u00e2mbito da nossa declara\u00e7\u00e3o de acessibilidade, gostar\u00edamos de fornecer uma vis\u00e3o geral sobre o grau de conformidade dos servi\u00e7os descritos abaixo com os requisitos de acessibilidade previstos na legisla\u00e7\u00e3o aplic\u00e1vel (em especial a Lei Alem\u00e3 de Fortalecimento da Acessibilidade \u2013 BFSG).<\/p>\n<h4 data-start=\"608\" data-end=\"654\"><strong data-start=\"608\" data-end=\"654\"><span role=\"text\">Descri\u00e7\u00e3o Geral do Servi\u00e7o<\/span><\/strong><\/h4>\n<p data-start=\"656\" data-end=\"819\">Reserva de cursos de alem\u00e3o como l\u00edngua estrangeira para adultos e jovens a partir de 16 anos nos centros de Berlim, Munique e Col\u00f4nia atrav\u00e9s do website <a data-start=\"795\" data-end=\"818\" rel=\"noopener\" target=\"_new\" class=\"decorated-link cursor-pointer\">www.bws-germanlingua.de.<\/a><\/p>\n<h4><strong><span role=\"text\">Dados do Prestador do Servi\u00e7o<\/span><\/strong><\/h4>\n<p>BWS Germanlingua, Hackenstra\u00dfe 7, 80331, Munique, Deutschland.<\/p>\n<p>BWS Germanlingua, Winsstra\u00dfe 57, 10405, Berlim, Deutschland.<\/p>\n<p>BWS Germanlingua, Hohenzollernring 88, 50672, C\u00f4lonia, Deutschland.<\/p>\n<h4><strong><span role=\"text\">Explica\u00e7\u00f5es sobre a Presta\u00e7\u00e3o do Servi\u00e7o<\/span><\/strong><\/h4>\n<ul>\n<li>A BWS Germanlingua oferece cursos de alem\u00e3o para adultos e jovens a partir de 16 anos nas unidades de Berlim, Munique e Col\u00f4nia.<\/li>\n<li data-section-id=\"1341vjd\" data-start=\"259\" data-end=\"399\">Interessados podem informar-se atrav\u00e9s do website sobre cursos, formatos, datas de in\u00edcio e pre\u00e7os, e reservar cursos de idiomas online.<\/li>\n<li data-section-id=\"1rfz92v\" data-start=\"400\" data-end=\"578\">Ap\u00f3s a reserva bem-sucedida, os participantes recebem uma confirma\u00e7\u00e3o da inscri\u00e7\u00e3o, bem como informa\u00e7\u00f5es adicionais sobre o funcionamento do curso e detalhes organizacionais.<\/li>\n<li data-section-id=\"z74ksn\" data-start=\"579\" data-end=\"652\">As aulas ocorrem presencialmente nas instala\u00e7\u00f5es da BWS Germanlingua.<\/li>\n<li data-section-id=\"ns7dlw\" data-start=\"653\" data-end=\"795\">Antes do in\u00edcio do curso, \u00e9 realizada, se necess\u00e1rio, uma avalia\u00e7\u00e3o de n\u00edvel para determinar o n\u00edvel lingu\u00edstico adequado do participante.<\/li>\n<li data-section-id=\"gn3uzx\" data-start=\"796\" data-end=\"896\">Durante a estadia, colaboradores no local est\u00e3o dispon\u00edveis para quest\u00f5es organizacionais e apoio.<\/li>\n<\/ul>\n<h4><span role=\"text\"><strong data-start=\"1427\" data-end=\"1476\">Grau de Conformidade com os Requisitos de Acessibilidade<\/strong><\/span><\/h4>\n<ul>\n<li data-start=\"1478\" data-end=\"1603\">Os servi\u00e7os da BWS Germanlingua est\u00e3o atualmente parcialmente em conformidade com os requisitos de acessibilidade.<\/li>\n<li data-section-id=\"1m62glm\" data-start=\"1087\" data-end=\"1227\">Isso se aplica tanto \u00e0 disponibiliza\u00e7\u00e3o digital de informa\u00e7\u00f5es atrav\u00e9s do website quanto \u00e0 acessibilidade f\u00edsica das unidades escolares.<\/li>\n<li data-section-id=\"zzeax1\" data-start=\"1228\" data-end=\"1338\">Algumas \u00e1reas e conte\u00fados ainda n\u00e3o s\u00e3o totalmente acess\u00edveis devido a limita\u00e7\u00f5es estruturais ou t\u00e9cnicas.<\/li>\n<li data-section-id=\"1r8m955\" data-start=\"1339\" data-end=\"1467\">A BWS Germanlingua empenha-se em reduzir gradualmente as barreiras existentes dentro das possibilidades t\u00e9cnicas e econ\u00f4micas.<\/li>\n<\/ul>\n<h4><strong><span role=\"text\">Website \/ Acessibilidade T\u00e9cnica<\/span><\/strong><\/h4>\n<ul>\n<li data-section-id=\"a4c3su\" data-start=\"591\" data-end=\"690\">Apesar dos nossos esfor\u00e7os, atualmente nem todos os conte\u00fados est\u00e3o totalmente acess\u00edveis. Isto aplica-se, em particular, aos seguintes pontos:<\/li>\n<li data-section-id=\"1huenev\" data-start=\"761\" data-end=\"861\">\n<p data-start=\"1515\" data-end=\"1658\">Algumas imagens decorativas ou integradas como plano de fundo n\u00e3o possuem textos alternativos.<\/p>\n<\/li>\n<li data-section-id=\"1huenev\" data-start=\"761\" data-end=\"861\">\n<p data-start=\"1515\" data-end=\"1658\">Nem todos os documentos PDF est\u00e3o totalmente preparados para acessibilidade.<\/p>\n<\/li>\n<li data-section-id=\"1huenev\" data-start=\"761\" data-end=\"861\">\n<p data-start=\"1515\" data-end=\"1658\">Alguns elementos de navega\u00e7\u00e3o \/ formul\u00e1rios podem ainda n\u00e3o ser totalmente utiliz\u00e1veis por teclado.<\/p>\n<\/li>\n<li data-section-id=\"1huenev\" data-start=\"761\" data-end=\"861\">\n<p data-start=\"1515\" data-end=\"1658\">Alguns contrastes de cor ainda necessitam de otimiza\u00e7\u00e3o.<\/p>\n<\/li>\n<li data-section-id=\"1huenev\" data-start=\"761\" data-end=\"861\">\n<p data-start=\"1515\" data-end=\"1658\">Alguns conte\u00fados incorporados de terceiros podem n\u00e3o ser totalmente acess\u00edveis.<\/p>\n<\/li>\n<\/ul>\n<h4><strong><span role=\"text\">Ferramentas Externas<\/span><\/strong><\/h4>\n<p data-start=\"113\" data-end=\"301\">Para processos de reserva e formul\u00e1rios, utilizamos o sistema externo Fidelo.<br data-start=\"194\" data-end=\"197\" \/>Como se trata de um sistema de terceiros, temos influ\u00eancia limitada sobre a sua acessibilidade completa.<\/p>\n<p data-start=\"303\" data-end=\"363\">Mais informa\u00e7\u00f5es:<\/p>\n<p><a href=\"https:\/\/fidelo.com\/de\/accessibility.html\">https:\/\/fidelo.com\/de\/accessibility.html<\/a><\/p>\n<h4><strong data-start=\"485\" data-end=\"553\"><span role=\"text\">Partes do Servi\u00e7o Ainda N\u00e3o Totalmente Acess\u00edveis \u2013 Prazos de Implementa\u00e7\u00e3o<\/span><\/strong><\/h4>\n<p data-start=\"454\" data-end=\"537\">Estamos trabalhando continuamente para identificar e eliminar barreiras existentes. Atualmente, ainda n\u00e3o \u00e9 poss\u00edvel indicar um cronograma exato para a implementa\u00e7\u00e3o completa de todas as medidas.<\/p>\n<h4 data-start=\"173\" data-end=\"471\"><strong data-start=\"135\" data-end=\"181\"><span role=\"text\">Verifica\u00e7\u00e3o da Declara\u00e7\u00e3o de Acessibilidade<\/span><\/strong><\/h4>\n<p data-start=\"173\" data-end=\"471\">Data da \u00faltima verifica\u00e7\u00e3o dos servi\u00e7os mencionados acima em rela\u00e7\u00e3o aos requisitos de acessibilidade:<br data-start=\"299\" data-end=\"302\" \/>14.04.2026.<\/p>\n<h4><strong><span role=\"text\">Avalia\u00e7\u00e3o do Grau de Acessibilidade<\/span><\/strong><\/h4>\n<p>A avalia\u00e7\u00e3o do grau de acessibilidade baseia-se em nossa autoavalia\u00e7\u00e3o interna.<\/p>\n<h4><strong><span role=\"text\">Possibilidade de Feedback e Informa\u00e7\u00f5es de Contato<\/span><\/strong><\/h4>\n<p>Caso identifique barreiras em nosso website ou em nossas unidades, ou necessite de informa\u00e7\u00f5es em formato acess\u00edvel, entre em contato conosco:<\/p>\n<p>Endere\u00e7o: Winsstra\u00dfe 57, 10405, Berlin<\/p>\n<p>E-Mail: marketing@bws-germanlingua.de<\/p>\n<p>Telefone: (030) 280 939 33<\/p>\n<p>Website: <a href=\"www.bws-germanlingua.de\">www.bws-germanlingua.de<\/a><\/p>\n<p>[\/et_pb_text][\/et_pb_column][\/et_pb_row][\/et_pb_section]<\/p>\n","protected":false},"excerpt":{"rendered":"<p>Acessibilidade na BWS Germanlingua Informa\u00e7\u00f5es para Pessoas com Mobilidade Reduzida e Utilizadores de Cadeira de Rodas Na escola de idiomas BWS Germanlingua Berlim Acesso por transporte p\u00fablico: As paradas mais pr\u00f3ximas s\u00e3o: Marienburger Stra\u00dfe (M2) Winsstra\u00dfe (M10) Hufelandstra\u00dfe (M4) Todas as paradas encontram-se a aproximadamente 5\u201310 minutos a p\u00e9. Acesso ao edif\u00edcio: A escola est\u00e1 [&hellip;]<\/p>\n","protected":false},"author":9,"featured_media":0,"parent":0,"menu_order":0,"comment_status":"closed","ping_status":"closed","template":"","meta":{"_et_pb_use_builder":"on","_et_pb_old_content":"","_et_gb_content_width":"","footnotes":""},"class_list":["post-6634","page","type-page","status-publish","hentry"],"yoast_head":"<!-- This site is optimized with the Yoast SEO plugin v27.4 - https:\/\/yoast.com\/product\/yoast-seo-wordpress\/ -->\n<title>Acessibilidade - BWS Germanlingua PT<\/title>\n<meta name=\"robots\" content=\"index, follow, max-snippet:-1, max-image-preview:large, max-video-preview:-1\" \/>\n<link rel=\"canonical\" href=\"https:\/\/www.bws-germanlingua.de\/pt\/6634-2\/\" \/>\n<meta property=\"og:locale\" content=\"en_GB\" \/>\n<meta property=\"og:type\" content=\"article\" \/>\n<meta property=\"og:title\" content=\"Acessibilidade - BWS Germanlingua PT\" \/>\n<meta property=\"og:description\" content=\"Acessibilidade na BWS Germanlingua Informa\u00e7\u00f5es para Pessoas com Mobilidade Reduzida e Utilizadores de Cadeira de Rodas Na escola de idiomas BWS Germanlingua Berlim Acesso por transporte p\u00fablico: As paradas mais pr\u00f3ximas s\u00e3o: Marienburger Stra\u00dfe (M2) Winsstra\u00dfe (M10) Hufelandstra\u00dfe (M4) Todas as paradas encontram-se a aproximadamente 5\u201310 minutos a p\u00e9. Acesso ao edif\u00edcio: A escola est\u00e1 [&hellip;]\" \/>\n<meta property=\"og:url\" content=\"https:\/\/www.bws-germanlingua.de\/pt\/6634-2\/\" \/>\n<meta property=\"og:site_name\" content=\"BWS Germanlingua PT\" \/>\n<meta property=\"article:modified_time\" content=\"2026-04-16T12:17:06+00:00\" \/>\n<meta name=\"twitter:card\" content=\"summary_large_image\" \/>\n<meta name=\"twitter:label1\" content=\"Estimated reading time\" \/>\n\t<meta name=\"twitter:data1\" content=\"7 minutes\" \/>\n<script type=\"application\/ld+json\" class=\"yoast-schema-graph\">{\"@context\":\"https:\\\/\\\/schema.org\",\"@graph\":[{\"@type\":\"WebPage\",\"@id\":\"https:\\\/\\\/www.bws-germanlingua.de\\\/pt\\\/6634-2\\\/\",\"url\":\"https:\\\/\\\/www.bws-germanlingua.de\\\/pt\\\/6634-2\\\/\",\"name\":\"Acessibilidade - BWS Germanlingua PT\",\"isPartOf\":{\"@id\":\"https:\\\/\\\/www.bws-germanlingua.de\\\/pt\\\/#website\"},\"datePublished\":\"2026-04-16T12:08:06+00:00\",\"dateModified\":\"2026-04-16T12:17:06+00:00\",\"breadcrumb\":{\"@id\":\"https:\\\/\\\/www.bws-germanlingua.de\\\/pt\\\/6634-2\\\/#breadcrumb\"},\"inLanguage\":\"en-GB\",\"potentialAction\":[{\"@type\":\"ReadAction\",\"target\":[\"https:\\\/\\\/www.bws-germanlingua.de\\\/pt\\\/6634-2\\\/\"]}]},{\"@type\":\"BreadcrumbList\",\"@id\":\"https:\\\/\\\/www.bws-germanlingua.de\\\/pt\\\/6634-2\\\/#breadcrumb\",\"itemListElement\":[{\"@type\":\"ListItem\",\"position\":1,\"name\":\"Startseite\",\"item\":\"https:\\\/\\\/www.bws-germanlingua.de\\\/pt\\\/\"},{\"@type\":\"ListItem\",\"position\":2,\"name\":\"Acessibilidade\"}]},{\"@type\":\"WebSite\",\"@id\":\"https:\\\/\\\/www.bws-germanlingua.de\\\/pt\\\/#website\",\"url\":\"https:\\\/\\\/www.bws-germanlingua.de\\\/pt\\\/\",\"name\":\"BWS Germanlingua PT\",\"description\":\"German courses in Germany\",\"publisher\":{\"@id\":\"https:\\\/\\\/www.bws-germanlingua.de\\\/pt\\\/#organization\"},\"potentialAction\":[{\"@type\":\"SearchAction\",\"target\":{\"@type\":\"EntryPoint\",\"urlTemplate\":\"https:\\\/\\\/www.bws-germanlingua.de\\\/pt\\\/?s={search_term_string}\"},\"query-input\":{\"@type\":\"PropertyValueSpecification\",\"valueRequired\":true,\"valueName\":\"search_term_string\"}}],\"inLanguage\":\"en-GB\"},{\"@type\":\"Organization\",\"@id\":\"https:\\\/\\\/www.bws-germanlingua.de\\\/pt\\\/#organization\",\"name\":\"BWS Germanlingua\",\"url\":\"https:\\\/\\\/www.bws-germanlingua.de\\\/pt\\\/\",\"logo\":{\"@type\":\"ImageObject\",\"inLanguage\":\"en-GB\",\"@id\":\"https:\\\/\\\/www.bws-germanlingua.de\\\/pt\\\/#\\\/schema\\\/logo\\\/image\\\/\",\"url\":\"https:\\\/\\\/www.bws-germanlingua.de\\\/pt\\\/wp-content\\\/uploads\\\/sites\\\/7\\\/2020\\\/11\\\/bws_logo_positiv.png\",\"contentUrl\":\"https:\\\/\\\/www.bws-germanlingua.de\\\/pt\\\/wp-content\\\/uploads\\\/sites\\\/7\\\/2020\\\/11\\\/bws_logo_positiv.png\",\"width\":600,\"height\":600,\"caption\":\"BWS Germanlingua\"},\"image\":{\"@id\":\"https:\\\/\\\/www.bws-germanlingua.de\\\/pt\\\/#\\\/schema\\\/logo\\\/image\\\/\"},\"sameAs\":[\"https:\\\/\\\/www.instagram.com\\\/bwsgermanlingua\\\/\"]}]}<\/script>\n<!-- \/ Yoast SEO plugin. -->","yoast_head_json":{"title":"Acessibilidade - BWS Germanlingua PT","robots":{"index":"index","follow":"follow","max-snippet":"max-snippet:-1","max-image-preview":"max-image-preview:large","max-video-preview":"max-video-preview:-1"},"canonical":"https:\/\/www.bws-germanlingua.de\/pt\/6634-2\/","og_locale":"en_GB","og_type":"article","og_title":"Acessibilidade - BWS Germanlingua PT","og_description":"Acessibilidade na BWS Germanlingua Informa\u00e7\u00f5es para Pessoas com Mobilidade Reduzida e Utilizadores de Cadeira de Rodas Na escola de idiomas BWS Germanlingua Berlim Acesso por transporte p\u00fablico: As paradas mais pr\u00f3ximas s\u00e3o: Marienburger Stra\u00dfe (M2) Winsstra\u00dfe (M10) Hufelandstra\u00dfe (M4) Todas as paradas encontram-se a aproximadamente 5\u201310 minutos a p\u00e9. Acesso ao edif\u00edcio: A escola est\u00e1 [&hellip;]","og_url":"https:\/\/www.bws-germanlingua.de\/pt\/6634-2\/","og_site_name":"BWS Germanlingua PT","article_modified_time":"2026-04-16T12:17:06+00:00","twitter_card":"summary_large_image","twitter_misc":{"Estimated reading time":"7 minutes"},"schema":{"@context":"https:\/\/schema.org","@graph":[{"@type":"WebPage","@id":"https:\/\/www.bws-germanlingua.de\/pt\/6634-2\/","url":"https:\/\/www.bws-germanlingua.de\/pt\/6634-2\/","name":"Acessibilidade - BWS Germanlingua PT","isPartOf":{"@id":"https:\/\/www.bws-germanlingua.de\/pt\/#website"},"datePublished":"2026-04-16T12:08:06+00:00","dateModified":"2026-04-16T12:17:06+00:00","breadcrumb":{"@id":"https:\/\/www.bws-germanlingua.de\/pt\/6634-2\/#breadcrumb"},"inLanguage":"en-GB","potentialAction":[{"@type":"ReadAction","target":["https:\/\/www.bws-germanlingua.de\/pt\/6634-2\/"]}]},{"@type":"BreadcrumbList","@id":"https:\/\/www.bws-germanlingua.de\/pt\/6634-2\/#breadcrumb","itemListElement":[{"@type":"ListItem","position":1,"name":"Startseite","item":"https:\/\/www.bws-germanlingua.de\/pt\/"},{"@type":"ListItem","position":2,"name":"Acessibilidade"}]},{"@type":"WebSite","@id":"https:\/\/www.bws-germanlingua.de\/pt\/#website","url":"https:\/\/www.bws-germanlingua.de\/pt\/","name":"BWS Germanlingua PT","description":"German courses in Germany","publisher":{"@id":"https:\/\/www.bws-germanlingua.de\/pt\/#organization"},"potentialAction":[{"@type":"SearchAction","target":{"@type":"EntryPoint","urlTemplate":"https:\/\/www.bws-germanlingua.de\/pt\/?s={search_term_string}"},"query-input":{"@type":"PropertyValueSpecification","valueRequired":true,"valueName":"search_term_string"}}],"inLanguage":"en-GB"},{"@type":"Organization","@id":"https:\/\/www.bws-germanlingua.de\/pt\/#organization","name":"BWS Germanlingua","url":"https:\/\/www.bws-germanlingua.de\/pt\/","logo":{"@type":"ImageObject","inLanguage":"en-GB","@id":"https:\/\/www.bws-germanlingua.de\/pt\/#\/schema\/logo\/image\/","url":"https:\/\/www.bws-germanlingua.de\/pt\/wp-content\/uploads\/sites\/7\/2020\/11\/bws_logo_positiv.png","contentUrl":"https:\/\/www.bws-germanlingua.de\/pt\/wp-content\/uploads\/sites\/7\/2020\/11\/bws_logo_positiv.png","width":600,"height":600,"caption":"BWS Germanlingua"},"image":{"@id":"https:\/\/www.bws-germanlingua.de\/pt\/#\/schema\/logo\/image\/"},"sameAs":["https:\/\/www.instagram.com\/bwsgermanlingua\/"]}]}},"_links":{"self":[{"href":"https:\/\/www.bws-germanlingua.de\/pt\/wp-json\/wp\/v2\/pages\/6634","targetHints":{"allow":["GET"]}}],"collection":[{"href":"https:\/\/www.bws-germanlingua.de\/pt\/wp-json\/wp\/v2\/pages"}],"about":[{"href":"https:\/\/www.bws-germanlingua.de\/pt\/wp-json\/wp\/v2\/types\/page"}],"author":[{"embeddable":true,"href":"https:\/\/www.bws-germanlingua.de\/pt\/wp-json\/wp\/v2\/users\/9"}],"replies":[{"embeddable":true,"href":"https:\/\/www.bws-germanlingua.de\/pt\/wp-json\/wp\/v2\/comments?post=6634"}],"version-history":[{"count":0,"href":"https:\/\/www.bws-germanlingua.de\/pt\/wp-json\/wp\/v2\/pages\/6634\/revisions"}],"wp:attachment":[{"href":"https:\/\/www.bws-germanlingua.de\/pt\/wp-json\/wp\/v2\/media?parent=6634"}],"curies":[{"name":"wp","href":"https:\/\/api.w.org\/{rel}","templated":true}]}}