{"id":694,"date":"2021-01-27T21:10:25","date_gmt":"2021-01-27T21:10:25","guid":{"rendered":"http:\/\/germanlingua.wpengine.com\/?page_id=694"},"modified":"2025-03-26T10:06:37","modified_gmt":"2025-03-26T10:06:37","slug":"imprint","status":"publish","type":"page","link":"https:\/\/www.bws-germanlingua.de\/pt\/imprint\/","title":{"rendered":"Imprint"},"content":{"rendered":"<p>[et_pb_section fb_built=&#8221;1&#8243; admin_label=&#8221;imprint&#8221; module_id=&#8221;wrapper_01_imprint&#8221; module_class=&#8221;wrapper_01_imprint&#8221; _builder_version=&#8221;4.16&#8243; _module_preset=&#8221;default&#8221; global_colors_info=&#8221;{}&#8221;][et_pb_row admin_label=&#8221;imprint&#8221; module_id=&#8221;wrapper_02_imprint&#8221; module_class=&#8221;wrapper_02_imprint&#8221; _builder_version=&#8221;4.16&#8243; _module_preset=&#8221;default&#8221; global_colors_info=&#8221;{}&#8221;][et_pb_column type=&#8221;4_4&#8243; _builder_version=&#8221;4.16&#8243; _module_preset=&#8221;default&#8221; global_colors_info=&#8221;{}&#8221;][et_pb_text admin_label=&#8221;imprint&#8221; module_id=&#8221;wrapper_01_imprint&#8221; module_class=&#8221;wrapper_01_imprint&#8221; _builder_version=&#8221;4.27.4&#8243; _module_preset=&#8221;default&#8221; hover_enabled=&#8221;0&#8243; global_colors_info=&#8221;{}&#8221; sticky_enabled=&#8221;0&#8243;]<\/p>\n<h1>Nota Legal<\/h1>\n<h6>Informa\u00e7\u00f5es de acordo com o \u00a7 5 TMG:<\/h6>\n<p>BWS Germanlingua<br \/>Hackenstr. 7<br \/>80331 Munique<\/p>\n<h6>Representado por:<\/h6>\n<p>Florian Meierhofer<\/p>\n<h6>Contato:<\/h6>\n<p>Telefone: <a href=\"tel:+49-89-59989200\">0049-89-599 892 00<\/a><br \/>E-Mail:\u00a0info@bws-germanlingua.de<\/p>\n<h6>Respons\u00e1vel pelo conte\u00fado de acordo com o \u00a7 55 Abs. 2 RStV:<\/h6>\n<p>Florian Meierhofer\u2028Hackenstr. 7\u202880331 Munique<br \/>N\u00famero de identifica\u00e7\u00e3o do imposto sobre vendas de acordo com a lei do imposto sobre vendas \u00a727a: DE233406713<\/p>\n<h5>Isen\u00e7\u00e3o de responsabilidade<\/h5>\n<h6>Responsabilidade pelo conte\u00fado<\/h6>\n<p>O conte\u00fado de nosso site foi desenvolvido com o maior cuidado. Entretanto, n\u00e3o podemos aceitar qualquer responsabilidade pela precis\u00e3o, integridade e atualidade do conte\u00fado. Como prestador de servi\u00e7os, somos respons\u00e1veis por nosso pr\u00f3prio conte\u00fado nessas p\u00e1ginas, de acordo com o \u00a7 7, par\u00e1grafo 1, da TMG (Lei Alem\u00e3 de Telem\u00eddia) e as leis gerais. De acordo com os \u00a7\u00a7 8 a 10 da TMG, entretanto, n\u00f3s, como prestadores de servi\u00e7os, n\u00e3o somos obrigados a monitorar informa\u00e7\u00f5es transmitidas ou armazenadas de terceiros ou a investigar circunst\u00e2ncias que indiquem atividade ilegal. As obriga\u00e7\u00f5es de remover ou bloquear o uso de informa\u00e7\u00f5es de acordo com a legisla\u00e7\u00e3o geral n\u00e3o s\u00e3o afetadas por esse fato. Entretanto, a responsabilidade a esse respeito s\u00f3 \u00e9 poss\u00edvel a partir do momento em que se tem conhecimento de uma infra\u00e7\u00e3o espec\u00edfica. Assim que tomarmos conhecimento de tais infra\u00e7\u00f5es, removeremos esse conte\u00fado imediatamente.<\/p>\n<h6>Responsabilidade por links<\/h6>\n<p>Nosso site cont\u00e9m links para sites externos de terceiros sobre cujo conte\u00fado n\u00e3o temos influ\u00eancia. Portanto, n\u00e3o podemos assumir nenhuma responsabilidade por esse conte\u00fado de terceiros. O respectivo provedor ou operador das p\u00e1ginas \u00e9 sempre respons\u00e1vel pelo conte\u00fado das p\u00e1ginas vinculadas. As p\u00e1ginas vinculadas foram verificadas quanto a poss\u00edveis viola\u00e7\u00f5es legais no momento da vincula\u00e7\u00e3o. N\u00e3o foi poss\u00edvel reconhecer conte\u00fados ilegais no momento da vincula\u00e7\u00e3o. Entretanto, o monitoramento permanente do conte\u00fado das p\u00e1ginas vinculadas n\u00e3o \u00e9 razo\u00e1vel sem evid\u00eancias concretas de uma infra\u00e7\u00e3o. Se tomarmos conhecimento de qualquer infra\u00e7\u00e3o legal, removeremos esses links imediatamente.<\/p>\n<h6>Direitos autorais<\/h6>\n<p>O conte\u00fado e os trabalhos criados pelos operadores do site nestas p\u00e1ginas est\u00e3o sujeitos \u00e0 lei alem\u00e3 de direitos autorais. A duplica\u00e7\u00e3o, o processamento, a distribui\u00e7\u00e3o e qualquer tipo de utiliza\u00e7\u00e3o fora dos limites da lei de direitos autorais requerem o consentimento por escrito do respectivo autor ou criador. Downloads e c\u00f3pias deste site s\u00e3o permitidos somente para uso privado e n\u00e3o comercial. O conte\u00fado deste site n\u00e3o foi criado pela operadora, mas os direitos autorais de terceiros s\u00e3o respeitados. O conte\u00fado de terceiros \u00e9 rotulado como tal. Se, mesmo assim, voc\u00ea tomar conhecimento de uma viola\u00e7\u00e3o de direitos autorais, informe-nos imediatamente. Se tomarmos conhecimento de qualquer infra\u00e7\u00e3o, removeremos esse conte\u00fado imediatamente.<\/p>\n<div style=\"margin-top: 1em\"><strong>DESIGN E DESENVOLVIMENTO<\/strong><br \/><a href=\"https:\/\/www.bgweb.design\" title=\"Webdesign Hamburg\" target=\"_blank\" rel=\"noopener\" style=\"color: #313539;text-decoration: underline\">bg Webdesign Hamburg<\/a><\/div>\n<p>[\/et_pb_text][\/et_pb_column][\/et_pb_row][\/et_pb_section]<\/p>\n","protected":false},"excerpt":{"rendered":"<p>Nota Legal Informa\u00e7\u00f5es de acordo com o \u00a7 5 TMG: BWS GermanlinguaHackenstr. 780331 Munique Representado por: Florian Meierhofer Contato: Telefone: 0049-89-599 892 00E-Mail:\u00a0info@bws-germanlingua.de Respons\u00e1vel pelo conte\u00fado de acordo com o \u00a7 55 Abs. 2 RStV: Florian Meierhofer\u2028Hackenstr. 7\u202880331 MuniqueN\u00famero de identifica\u00e7\u00e3o do imposto sobre vendas de acordo com a lei do imposto sobre vendas \u00a727a: [&hellip;]<\/p>\n","protected":false},"author":3,"featured_media":0,"parent":0,"menu_order":0,"comment_status":"closed","ping_status":"closed","template":"","meta":{"_et_pb_use_builder":"on","_et_pb_old_content":"","_et_gb_content_width":"","footnotes":""},"class_list":["post-694","page","type-page","status-publish","hentry"],"yoast_head":"<!-- This site is optimized with the Yoast SEO plugin v27.4 - https:\/\/yoast.com\/product\/yoast-seo-wordpress\/ -->\n<title>Imprint - BWS Germanlingua PT<\/title>\n<meta name=\"description\" content=\"Die Inhalte unserer Seiten wurden mit gr\u00f6\u00dfter Sorgfalt erstellt. F\u00fcr die Richtigkeit, Vollst\u00e4ndigkeit und Aktualit\u00e4t der Inhalte k\u00f6nnen wir jedoch keine Gew\u00e4hr \u00fcbernehmen.\" \/>\n<meta name=\"robots\" content=\"index, follow, max-snippet:-1, max-image-preview:large, max-video-preview:-1\" \/>\n<link rel=\"canonical\" href=\"https:\/\/www.bws-germanlingua.de\/pt\/imprint\/\" \/>\n<meta property=\"og:locale\" content=\"en_GB\" \/>\n<meta property=\"og:type\" content=\"article\" \/>\n<meta property=\"og:title\" content=\"Imprint - BWS Germanlingua PT\" \/>\n<meta property=\"og:description\" content=\"Die Inhalte unserer Seiten wurden mit gr\u00f6\u00dfter Sorgfalt erstellt. F\u00fcr die Richtigkeit, Vollst\u00e4ndigkeit und Aktualit\u00e4t der Inhalte k\u00f6nnen wir jedoch keine Gew\u00e4hr \u00fcbernehmen.\" \/>\n<meta property=\"og:url\" content=\"https:\/\/www.bws-germanlingua.de\/pt\/imprint\/\" \/>\n<meta property=\"og:site_name\" content=\"BWS Germanlingua PT\" \/>\n<meta property=\"article:modified_time\" content=\"2025-03-26T10:06:37+00:00\" \/>\n<meta name=\"twitter:card\" content=\"summary_large_image\" \/>\n<meta name=\"twitter:label1\" content=\"Estimated reading time\" \/>\n\t<meta name=\"twitter:data1\" content=\"2 minutes\" \/>\n<script type=\"application\/ld+json\" class=\"yoast-schema-graph\">{\"@context\":\"https:\\\/\\\/schema.org\",\"@graph\":[{\"@type\":\"WebPage\",\"@id\":\"https:\\\/\\\/www.bws-germanlingua.de\\\/pt\\\/imprint\\\/\",\"url\":\"https:\\\/\\\/www.bws-germanlingua.de\\\/pt\\\/imprint\\\/\",\"name\":\"Imprint - BWS Germanlingua PT\",\"isPartOf\":{\"@id\":\"https:\\\/\\\/www.bws-germanlingua.de\\\/pt\\\/#website\"},\"datePublished\":\"2021-01-27T21:10:25+00:00\",\"dateModified\":\"2025-03-26T10:06:37+00:00\",\"description\":\"Die Inhalte unserer Seiten wurden mit gr\u00f6\u00dfter Sorgfalt erstellt. F\u00fcr die Richtigkeit, Vollst\u00e4ndigkeit und Aktualit\u00e4t der Inhalte k\u00f6nnen wir jedoch keine Gew\u00e4hr \u00fcbernehmen.\",\"breadcrumb\":{\"@id\":\"https:\\\/\\\/www.bws-germanlingua.de\\\/pt\\\/imprint\\\/#breadcrumb\"},\"inLanguage\":\"en-GB\",\"potentialAction\":[{\"@type\":\"ReadAction\",\"target\":[\"https:\\\/\\\/www.bws-germanlingua.de\\\/pt\\\/imprint\\\/\"]}]},{\"@type\":\"BreadcrumbList\",\"@id\":\"https:\\\/\\\/www.bws-germanlingua.de\\\/pt\\\/imprint\\\/#breadcrumb\",\"itemListElement\":[{\"@type\":\"ListItem\",\"position\":1,\"name\":\"Startseite\",\"item\":\"https:\\\/\\\/www.bws-germanlingua.de\\\/pt\\\/\"},{\"@type\":\"ListItem\",\"position\":2,\"name\":\"Imprint\"}]},{\"@type\":\"WebSite\",\"@id\":\"https:\\\/\\\/www.bws-germanlingua.de\\\/pt\\\/#website\",\"url\":\"https:\\\/\\\/www.bws-germanlingua.de\\\/pt\\\/\",\"name\":\"BWS Germanlingua PT\",\"description\":\"German courses in Germany\",\"publisher\":{\"@id\":\"https:\\\/\\\/www.bws-germanlingua.de\\\/pt\\\/#organization\"},\"potentialAction\":[{\"@type\":\"SearchAction\",\"target\":{\"@type\":\"EntryPoint\",\"urlTemplate\":\"https:\\\/\\\/www.bws-germanlingua.de\\\/pt\\\/?s={search_term_string}\"},\"query-input\":{\"@type\":\"PropertyValueSpecification\",\"valueRequired\":true,\"valueName\":\"search_term_string\"}}],\"inLanguage\":\"en-GB\"},{\"@type\":\"Organization\",\"@id\":\"https:\\\/\\\/www.bws-germanlingua.de\\\/pt\\\/#organization\",\"name\":\"BWS Germanlingua\",\"url\":\"https:\\\/\\\/www.bws-germanlingua.de\\\/pt\\\/\",\"logo\":{\"@type\":\"ImageObject\",\"inLanguage\":\"en-GB\",\"@id\":\"https:\\\/\\\/www.bws-germanlingua.de\\\/pt\\\/#\\\/schema\\\/logo\\\/image\\\/\",\"url\":\"https:\\\/\\\/www.bws-germanlingua.de\\\/pt\\\/wp-content\\\/uploads\\\/sites\\\/7\\\/2020\\\/11\\\/bws_logo_positiv.png\",\"contentUrl\":\"https:\\\/\\\/www.bws-germanlingua.de\\\/pt\\\/wp-content\\\/uploads\\\/sites\\\/7\\\/2020\\\/11\\\/bws_logo_positiv.png\",\"width\":600,\"height\":600,\"caption\":\"BWS Germanlingua\"},\"image\":{\"@id\":\"https:\\\/\\\/www.bws-germanlingua.de\\\/pt\\\/#\\\/schema\\\/logo\\\/image\\\/\"},\"sameAs\":[\"https:\\\/\\\/www.instagram.com\\\/bwsgermanlingua\\\/\"]}]}<\/script>\n<!-- \/ Yoast SEO plugin. -->","yoast_head_json":{"title":"Imprint - BWS Germanlingua PT","description":"Die Inhalte unserer Seiten wurden mit gr\u00f6\u00dfter Sorgfalt erstellt. F\u00fcr die Richtigkeit, Vollst\u00e4ndigkeit und Aktualit\u00e4t der Inhalte k\u00f6nnen wir jedoch keine Gew\u00e4hr \u00fcbernehmen.","robots":{"index":"index","follow":"follow","max-snippet":"max-snippet:-1","max-image-preview":"max-image-preview:large","max-video-preview":"max-video-preview:-1"},"canonical":"https:\/\/www.bws-germanlingua.de\/pt\/imprint\/","og_locale":"en_GB","og_type":"article","og_title":"Imprint - BWS Germanlingua PT","og_description":"Die Inhalte unserer Seiten wurden mit gr\u00f6\u00dfter Sorgfalt erstellt. F\u00fcr die Richtigkeit, Vollst\u00e4ndigkeit und Aktualit\u00e4t der Inhalte k\u00f6nnen wir jedoch keine Gew\u00e4hr \u00fcbernehmen.","og_url":"https:\/\/www.bws-germanlingua.de\/pt\/imprint\/","og_site_name":"BWS Germanlingua PT","article_modified_time":"2025-03-26T10:06:37+00:00","twitter_card":"summary_large_image","twitter_misc":{"Estimated reading time":"2 minutes"},"schema":{"@context":"https:\/\/schema.org","@graph":[{"@type":"WebPage","@id":"https:\/\/www.bws-germanlingua.de\/pt\/imprint\/","url":"https:\/\/www.bws-germanlingua.de\/pt\/imprint\/","name":"Imprint - BWS Germanlingua PT","isPartOf":{"@id":"https:\/\/www.bws-germanlingua.de\/pt\/#website"},"datePublished":"2021-01-27T21:10:25+00:00","dateModified":"2025-03-26T10:06:37+00:00","description":"Die Inhalte unserer Seiten wurden mit gr\u00f6\u00dfter Sorgfalt erstellt. F\u00fcr die Richtigkeit, Vollst\u00e4ndigkeit und Aktualit\u00e4t der Inhalte k\u00f6nnen wir jedoch keine Gew\u00e4hr \u00fcbernehmen.","breadcrumb":{"@id":"https:\/\/www.bws-germanlingua.de\/pt\/imprint\/#breadcrumb"},"inLanguage":"en-GB","potentialAction":[{"@type":"ReadAction","target":["https:\/\/www.bws-germanlingua.de\/pt\/imprint\/"]}]},{"@type":"BreadcrumbList","@id":"https:\/\/www.bws-germanlingua.de\/pt\/imprint\/#breadcrumb","itemListElement":[{"@type":"ListItem","position":1,"name":"Startseite","item":"https:\/\/www.bws-germanlingua.de\/pt\/"},{"@type":"ListItem","position":2,"name":"Imprint"}]},{"@type":"WebSite","@id":"https:\/\/www.bws-germanlingua.de\/pt\/#website","url":"https:\/\/www.bws-germanlingua.de\/pt\/","name":"BWS Germanlingua PT","description":"German courses in Germany","publisher":{"@id":"https:\/\/www.bws-germanlingua.de\/pt\/#organization"},"potentialAction":[{"@type":"SearchAction","target":{"@type":"EntryPoint","urlTemplate":"https:\/\/www.bws-germanlingua.de\/pt\/?s={search_term_string}"},"query-input":{"@type":"PropertyValueSpecification","valueRequired":true,"valueName":"search_term_string"}}],"inLanguage":"en-GB"},{"@type":"Organization","@id":"https:\/\/www.bws-germanlingua.de\/pt\/#organization","name":"BWS Germanlingua","url":"https:\/\/www.bws-germanlingua.de\/pt\/","logo":{"@type":"ImageObject","inLanguage":"en-GB","@id":"https:\/\/www.bws-germanlingua.de\/pt\/#\/schema\/logo\/image\/","url":"https:\/\/www.bws-germanlingua.de\/pt\/wp-content\/uploads\/sites\/7\/2020\/11\/bws_logo_positiv.png","contentUrl":"https:\/\/www.bws-germanlingua.de\/pt\/wp-content\/uploads\/sites\/7\/2020\/11\/bws_logo_positiv.png","width":600,"height":600,"caption":"BWS Germanlingua"},"image":{"@id":"https:\/\/www.bws-germanlingua.de\/pt\/#\/schema\/logo\/image\/"},"sameAs":["https:\/\/www.instagram.com\/bwsgermanlingua\/"]}]}},"_links":{"self":[{"href":"https:\/\/www.bws-germanlingua.de\/pt\/wp-json\/wp\/v2\/pages\/694","targetHints":{"allow":["GET"]}}],"collection":[{"href":"https:\/\/www.bws-germanlingua.de\/pt\/wp-json\/wp\/v2\/pages"}],"about":[{"href":"https:\/\/www.bws-germanlingua.de\/pt\/wp-json\/wp\/v2\/types\/page"}],"author":[{"embeddable":true,"href":"https:\/\/www.bws-germanlingua.de\/pt\/wp-json\/wp\/v2\/users\/3"}],"replies":[{"embeddable":true,"href":"https:\/\/www.bws-germanlingua.de\/pt\/wp-json\/wp\/v2\/comments?post=694"}],"version-history":[{"count":0,"href":"https:\/\/www.bws-germanlingua.de\/pt\/wp-json\/wp\/v2\/pages\/694\/revisions"}],"wp:attachment":[{"href":"https:\/\/www.bws-germanlingua.de\/pt\/wp-json\/wp\/v2\/media?parent=694"}],"curies":[{"name":"wp","href":"https:\/\/api.w.org\/{rel}","templated":true}]}}